{"id":999,"date":"2021-02-22T13:50:25","date_gmt":"2021-05-14T11:26:55","guid":{"rendered":"https:\/\/denisaadolfova.com\/produkt\/simply-a\/"},"modified":"2021-06-20T13:55:18","modified_gmt":"2021-06-20T11:55:18","slug":"simply-a","status":"publish","type":"product","link":"https:\/\/denisaadolfova.com\/fr\/produkt\/simply-a\/","title":{"rendered":"Simply A"},"content":{"rendered":"<h1 style=\"text-align: center;\"><strong>Lorsque le design et la fonction fusionnent&#8230;<\/strong><\/h1>\n<p>&nbsp;<\/p>\n<div style=\"width: 960px;\" class=\"wp-video\"><video class=\"wp-video-shortcode\" id=\"video-999-1\" width=\"960\" height=\"180\" loop autoplay preload=\"metadata\" controls=\"controls\"><source type=\"video\/mp4\" src=\"https:\/\/denisaadolfova.com\/wp-content\/uploads\/2021\/02\/instagram2.mp4?_=1\" \/><a href=\"https:\/\/denisaadolfova.com\/wp-content\/uploads\/2021\/02\/instagram2.mp4\">https:\/\/denisaadolfova.com\/wp-content\/uploads\/2021\/02\/instagram2.mp4<\/a><\/video><\/div>\n","protected":false},"excerpt":{"rendered":"<p>Simply A est architectural, \u00e9pur\u00e9 et complexe. Il est taill\u00e9 comme un diamant, compos\u00e9 d\u2019un assemblage de 76 pi\u00e8ces. Sa forme est inspir\u00e9e de l\u2019Art D\u00e9co mais Simply A est avant tout, contemporain et indispensable. Pens\u00e9 pour \u00eatre fonctionnel, il portera votre laptop, vos documents. A l\u2019int\u00e9rieur du Simply A se cache l\u2019\u00e9l\u00e9gant Little Black, le sac \u00e0 main de l\u2019afterwork, fait pour \u00eatre port\u00e9 s\u00e9par\u00e9ment et emport\u00e9 partout. Uniquement disponible sur commande.<\/p>\n","protected":false},"featured_media":928,"template":"","meta":{"advanced_seo_description":"","jetpack_seo_html_title":"","jetpack_seo_noindex":false},"product_brand":[],"product_cat":[35],"product_tag":[],"class_list":{"0":"post-999","1":"product","2":"type-product","3":"status-publish","4":"has-post-thumbnail","6":"product_cat-handbags-fr","8":"first","9":"onbackorder","10":"purchasable","11":"product-type-simple"},"jetpack_sharing_enabled":true,"jetpack_likes_enabled":true,"_links":{"self":[{"href":"https:\/\/denisaadolfova.com\/fr\/wp-json\/wp\/v2\/product\/999","targetHints":{"allow":["GET"]}}],"collection":[{"href":"https:\/\/denisaadolfova.com\/fr\/wp-json\/wp\/v2\/product"}],"about":[{"href":"https:\/\/denisaadolfova.com\/fr\/wp-json\/wp\/v2\/types\/product"}],"wp:featuredmedia":[{"embeddable":true,"href":"https:\/\/denisaadolfova.com\/fr\/wp-json\/wp\/v2\/media\/928"}],"wp:attachment":[{"href":"https:\/\/denisaadolfova.com\/fr\/wp-json\/wp\/v2\/media?parent=999"}],"wp:term":[{"taxonomy":"product_brand","embeddable":true,"href":"https:\/\/denisaadolfova.com\/fr\/wp-json\/wp\/v2\/product_brand?post=999"},{"taxonomy":"product_cat","embeddable":true,"href":"https:\/\/denisaadolfova.com\/fr\/wp-json\/wp\/v2\/product_cat?post=999"},{"taxonomy":"product_tag","embeddable":true,"href":"https:\/\/denisaadolfova.com\/fr\/wp-json\/wp\/v2\/product_tag?post=999"}],"curies":[{"name":"wp","href":"https:\/\/api.w.org\/{rel}","templated":true}]}}