{"id":986,"date":"2021-02-22T14:05:23","date_gmt":"2021-05-14T11:22:12","guid":{"rendered":"https:\/\/denisaadolfova.com\/produkt\/basket\/"},"modified":"2021-06-20T13:54:04","modified_gmt":"2021-06-20T11:54:04","slug":"basket","status":"publish","type":"product","link":"https:\/\/denisaadolfova.com\/fr\/produkt\/basket\/","title":{"rendered":"Basket"},"content":{"rendered":"<h1 style=\"text-align: center;\"><strong>Basket, un style de vie<\/strong><\/h1>\n<p><img loading=\"lazy\" decoding=\"async\" data-attachment-id=\"991\" data-permalink=\"https:\/\/denisaadolfova.com\/fr\/?attachment_id=991\" data-orig-file=\"https:\/\/denisaadolfova.com\/wp-content\/uploads\/2021\/02\/basket_00.jpg\" data-orig-size=\"615,433\" data-comments-opened=\"0\" data-image-meta=\"{&quot;aperture&quot;:&quot;2.5&quot;,&quot;credit&quot;:&quot;&quot;,&quot;camera&quot;:&quot;Canon EOS 50D&quot;,&quot;caption&quot;:&quot;&quot;,&quot;created_timestamp&quot;:&quot;1372942163&quot;,&quot;copyright&quot;:&quot;&quot;,&quot;focal_length&quot;:&quot;50&quot;,&quot;iso&quot;:&quot;100&quot;,&quot;shutter_speed&quot;:&quot;0.0025&quot;,&quot;title&quot;:&quot;&quot;,&quot;orientation&quot;:&quot;1&quot;}\" data-image-title=\"basket_00\" data-image-description=\"\" data-image-caption=\"\" data-large-file=\"https:\/\/denisaadolfova.com\/wp-content\/uploads\/2021\/02\/basket_00.jpg\" class=\"wp-image-991 aligncenter\" src=\"https:\/\/denisaadolfova.com\/wp-content\/uploads\/2021\/02\/basket_00.jpg\" alt=\"\" width=\"733\" height=\"516\" srcset=\"https:\/\/denisaadolfova.com\/wp-content\/uploads\/2021\/02\/basket_00.jpg 615w, https:\/\/denisaadolfova.com\/wp-content\/uploads\/2021\/02\/basket_00-600x422.jpg 600w, https:\/\/denisaadolfova.com\/wp-content\/uploads\/2021\/02\/basket_00-300x211.jpg 300w\" sizes=\"auto, (max-width: 733px) 100vw, 733px\" \/><\/p>\n<p><img loading=\"lazy\" decoding=\"async\" class=\"aligncenter wp-image-682 size-large\" src=\"https:\/\/denisaadolfova.com\/wp-content\/uploads\/2021\/02\/lace1-1024x683.jpg\" alt=\"\" width=\"960\" height=\"640\" srcset=\"https:\/\/denisaadolfova.com\/wp-content\/uploads\/2021\/02\/lace1-1024x683.jpg 1024w, https:\/\/denisaadolfova.com\/wp-content\/uploads\/2021\/02\/lace1-600x400.jpg 600w, https:\/\/denisaadolfova.com\/wp-content\/uploads\/2021\/02\/lace1-300x200.jpg 300w, https:\/\/denisaadolfova.com\/wp-content\/uploads\/2021\/02\/lace1-768x512.jpg 768w, https:\/\/denisaadolfova.com\/wp-content\/uploads\/2021\/02\/lace1-1536x1024.jpg 1536w, https:\/\/denisaadolfova.com\/wp-content\/uploads\/2021\/02\/lace1-2048x1365.jpg 2048w, https:\/\/denisaadolfova.com\/wp-content\/uploads\/2021\/02\/lace1-1140x760.jpg 1140w\" sizes=\"auto, (max-width: 960px) 100vw, 960px\" \/><\/p>\n","protected":false},"excerpt":{"rendered":"<p>Le sac Basket est un papillon de cuir d\u00e9coup\u00e9 au laser. Un tr\u00e8fle \u00e0 quatre feuilles lorsque, vide, il se replie. Ce panier, aussi solide que souple, est fait pour les femmes toujours en mouvement, aux r\u00f4les multiples. Id\u00e9al pour les sorties quotidiennes, les vir\u00e9es nocturnes, les week-ends\u2026Le Basket est l\u2019indispensable compagnon de journ\u00e9es d\u00e9bordantes de vie !<\/p>\n<p>Cuir de veau lisse. Doublure en cuir velour. Coup\u00e9 net. Finition fait main. Pochette cuir \u00e0 rabat en option. A attacher avec un mousqueton. La pochette peut se porter s\u00e9parement. Vos objets de valeur sont toujours en s\u00e9curit\u00e9.<span class=\"Apple-converted-space\"> <\/span><\/p>\n<p><strong>Prix 25000 K\u010d<\/strong><\/p>\n","protected":false},"featured_media":987,"template":"","meta":{"advanced_seo_description":"","jetpack_seo_html_title":"","jetpack_seo_noindex":false},"product_brand":[],"product_cat":[35],"product_tag":[],"class_list":{"0":"post-986","1":"product","2":"type-product","3":"status-publish","4":"has-post-thumbnail","6":"product_cat-handbags-fr","8":"first","9":"onbackorder","10":"purchasable","11":"product-type-simple"},"jetpack_sharing_enabled":true,"jetpack_likes_enabled":true,"_links":{"self":[{"href":"https:\/\/denisaadolfova.com\/fr\/wp-json\/wp\/v2\/product\/986","targetHints":{"allow":["GET"]}}],"collection":[{"href":"https:\/\/denisaadolfova.com\/fr\/wp-json\/wp\/v2\/product"}],"about":[{"href":"https:\/\/denisaadolfova.com\/fr\/wp-json\/wp\/v2\/types\/product"}],"wp:featuredmedia":[{"embeddable":true,"href":"https:\/\/denisaadolfova.com\/fr\/wp-json\/wp\/v2\/media\/987"}],"wp:attachment":[{"href":"https:\/\/denisaadolfova.com\/fr\/wp-json\/wp\/v2\/media?parent=986"}],"wp:term":[{"taxonomy":"product_brand","embeddable":true,"href":"https:\/\/denisaadolfova.com\/fr\/wp-json\/wp\/v2\/product_brand?post=986"},{"taxonomy":"product_cat","embeddable":true,"href":"https:\/\/denisaadolfova.com\/fr\/wp-json\/wp\/v2\/product_cat?post=986"},{"taxonomy":"product_tag","embeddable":true,"href":"https:\/\/denisaadolfova.com\/fr\/wp-json\/wp\/v2\/product_tag?post=986"}],"curies":[{"name":"wp","href":"https:\/\/api.w.org\/{rel}","templated":true}]}}