{"id":940,"date":"2021-03-23T12:02:56","date_gmt":"2021-03-23T11:02:56","guid":{"rendered":"https:\/\/denisaadolfova.com\/produkt\/bi-face\/"},"modified":"2021-06-20T13:20:06","modified_gmt":"2021-06-20T11:20:06","slug":"bi-face","status":"publish","type":"product","link":"https:\/\/denisaadolfova.com\/fr\/produkt\/bi-face\/","title":{"rendered":"Bi-Face"},"content":{"rendered":"<h1 style=\"text-align: center;\"><strong>Harmonie \u00e0 deux<\/strong><\/h1>\n<p><img loading=\"lazy\" decoding=\"async\" data-attachment-id=\"952\" data-permalink=\"https:\/\/denisaadolfova.com\/fr\/?attachment_id=952\" data-orig-file=\"https:\/\/denisaadolfova.com\/wp-content\/uploads\/2021\/03\/herbin-scaled.jpg\" data-orig-size=\"2560,1707\" data-comments-opened=\"0\" data-image-meta=\"{&quot;aperture&quot;:&quot;0&quot;,&quot;credit&quot;:&quot;&quot;,&quot;camera&quot;:&quot;&quot;,&quot;caption&quot;:&quot;&quot;,&quot;created_timestamp&quot;:&quot;0&quot;,&quot;copyright&quot;:&quot;&quot;,&quot;focal_length&quot;:&quot;0&quot;,&quot;iso&quot;:&quot;0&quot;,&quot;shutter_speed&quot;:&quot;0&quot;,&quot;title&quot;:&quot;&quot;,&quot;orientation&quot;:&quot;1&quot;}\" data-image-title=\"herbin\" data-image-description=\"\" data-image-caption=\"\" data-large-file=\"https:\/\/denisaadolfova.com\/wp-content\/uploads\/2021\/03\/herbin-1024x683.jpg\" class=\"aligncenter wp-image-952 size-large\" src=\"https:\/\/denisaadolfova.com\/wp-content\/uploads\/2021\/03\/herbin-1024x683.jpg\" alt=\"\" width=\"960\" height=\"640\" srcset=\"https:\/\/denisaadolfova.com\/wp-content\/uploads\/2021\/03\/herbin-1024x683.jpg 1024w, https:\/\/denisaadolfova.com\/wp-content\/uploads\/2021\/03\/herbin-600x400.jpg 600w, https:\/\/denisaadolfova.com\/wp-content\/uploads\/2021\/03\/herbin-300x200.jpg 300w, https:\/\/denisaadolfova.com\/wp-content\/uploads\/2021\/03\/herbin-768x512.jpg 768w, https:\/\/denisaadolfova.com\/wp-content\/uploads\/2021\/03\/herbin-1536x1024.jpg 1536w, https:\/\/denisaadolfova.com\/wp-content\/uploads\/2021\/03\/herbin-2048x1365.jpg 2048w, https:\/\/denisaadolfova.com\/wp-content\/uploads\/2021\/03\/herbin-1140x760.jpg 1140w\" sizes=\"auto, (max-width: 960px) 100vw, 960px\" \/><\/p>\n<p>&nbsp;<\/p>\n<h1 style=\"text-align: center;\"><\/h1>\n<p><img loading=\"lazy\" decoding=\"async\" data-attachment-id=\"951\" data-permalink=\"https:\/\/denisaadolfova.com\/fr\/?attachment_id=951\" data-orig-file=\"https:\/\/denisaadolfova.com\/wp-content\/uploads\/2021\/02\/DSC_5032-scaled.jpg\" data-orig-size=\"2560,1709\" data-comments-opened=\"1\" data-image-meta=\"{&quot;aperture&quot;:&quot;4.5&quot;,&quot;credit&quot;:&quot;WWW.NEUZILOVA.COM&quot;,&quot;camera&quot;:&quot;NIKON D810&quot;,&quot;caption&quot;:&quot;&quot;,&quot;created_timestamp&quot;:&quot;1559135751&quot;,&quot;copyright&quot;:&quot;WWW.NEUZILOVA.COM&quot;,&quot;focal_length&quot;:&quot;85&quot;,&quot;iso&quot;:&quot;64&quot;,&quot;shutter_speed&quot;:&quot;0.008&quot;,&quot;title&quot;:&quot;&quot;,&quot;orientation&quot;:&quot;1&quot;}\" data-image-title=\"DSC_5032\" data-image-description=\"\" data-image-caption=\"\" data-large-file=\"https:\/\/denisaadolfova.com\/wp-content\/uploads\/2021\/02\/DSC_5032-1024x683.jpg\" class=\"aligncenter wp-image-951 size-large\" src=\"https:\/\/denisaadolfova.com\/wp-content\/uploads\/2021\/02\/DSC_5032-1024x683.jpg\" alt=\"\" width=\"960\" height=\"640\" srcset=\"https:\/\/denisaadolfova.com\/wp-content\/uploads\/2021\/02\/DSC_5032-1024x683.jpg 1024w, https:\/\/denisaadolfova.com\/wp-content\/uploads\/2021\/02\/DSC_5032-scaled-600x401.jpg 600w, https:\/\/denisaadolfova.com\/wp-content\/uploads\/2021\/02\/DSC_5032-300x200.jpg 300w, https:\/\/denisaadolfova.com\/wp-content\/uploads\/2021\/02\/DSC_5032-768x513.jpg 768w, https:\/\/denisaadolfova.com\/wp-content\/uploads\/2021\/02\/DSC_5032-1536x1025.jpg 1536w, https:\/\/denisaadolfova.com\/wp-content\/uploads\/2021\/02\/DSC_5032-2048x1367.jpg 2048w, https:\/\/denisaadolfova.com\/wp-content\/uploads\/2021\/02\/DSC_5032-90x60.jpg 90w, https:\/\/denisaadolfova.com\/wp-content\/uploads\/2021\/02\/DSC_5032-420x280.jpg 420w\" sizes=\"auto, (max-width: 960px) 100vw, 960px\" \/><img loading=\"lazy\" decoding=\"async\" data-attachment-id=\"853\" data-permalink=\"https:\/\/denisaadolfova.com\/fr\/?attachment_id=853\" data-orig-file=\"https:\/\/denisaadolfova.com\/wp-content\/uploads\/2021\/03\/magenta-scaled.png\" data-orig-size=\"2560,1772\" data-comments-opened=\"0\" data-image-meta=\"{&quot;aperture&quot;:&quot;0&quot;,&quot;credit&quot;:&quot;&quot;,&quot;camera&quot;:&quot;&quot;,&quot;caption&quot;:&quot;&quot;,&quot;created_timestamp&quot;:&quot;0&quot;,&quot;copyright&quot;:&quot;&quot;,&quot;focal_length&quot;:&quot;0&quot;,&quot;iso&quot;:&quot;0&quot;,&quot;shutter_speed&quot;:&quot;0&quot;,&quot;title&quot;:&quot;&quot;,&quot;orientation&quot;:&quot;0&quot;}\" data-image-title=\"magenta\" data-image-description=\"\" data-image-caption=\"\" data-large-file=\"https:\/\/denisaadolfova.com\/wp-content\/uploads\/2021\/03\/magenta-1024x709.png\" class=\"aligncenter wp-image-853 size-large\" src=\"https:\/\/denisaadolfova.com\/wp-content\/uploads\/2021\/03\/magenta-1024x709.png\" alt=\"\" width=\"960\" height=\"665\" srcset=\"https:\/\/denisaadolfova.com\/wp-content\/uploads\/2021\/03\/magenta-1024x709.png 1024w, https:\/\/denisaadolfova.com\/wp-content\/uploads\/2021\/03\/magenta-600x415.png 600w, https:\/\/denisaadolfova.com\/wp-content\/uploads\/2021\/03\/magenta-300x208.png 300w, https:\/\/denisaadolfova.com\/wp-content\/uploads\/2021\/03\/magenta-768x532.png 768w, https:\/\/denisaadolfova.com\/wp-content\/uploads\/2021\/03\/magenta-1536x1063.png 1536w, https:\/\/denisaadolfova.com\/wp-content\/uploads\/2021\/03\/magenta-2048x1418.png 2048w, https:\/\/denisaadolfova.com\/wp-content\/uploads\/2021\/03\/magenta-1140x789.png 1140w\" sizes=\"auto, (max-width: 960px) 100vw, 960px\" \/><\/p>\n<p>&nbsp;<\/p>\n","protected":false},"excerpt":{"rendered":"<p>Le sac Bi-Face est, par son rabat double face, unique et reconnaissable. Il symbolise l\u2019harmonie qui existe entre deux flammes jumelles qui, lorsqu\u2019elles se sont trouv\u00e9es, forment une fabuleuse union. Le Bi-Face, pratique et sophistiqu\u00e9, sera appr\u00e9ci\u00e9 par les femmes et les hommes \u00e0 la recherche d&rsquo;un style pur, d\u2019une qualit\u00e9 remarquable.<\/p>\n<p>Le sac Bi-Face est personnalisable<\/p>\n<p>&nbsp;<\/p>\n","protected":false},"featured_media":941,"template":"","meta":{"advanced_seo_description":"","jetpack_seo_html_title":"","jetpack_seo_noindex":false},"product_brand":[],"product_cat":[35],"product_tag":[],"class_list":{"0":"post-940","1":"product","2":"type-product","3":"status-publish","4":"has-post-thumbnail","6":"product_cat-handbags-fr","8":"first","9":"instock","10":"sold-individually","11":"purchasable","12":"product-type-variable"},"jetpack_sharing_enabled":true,"jetpack_likes_enabled":true,"_links":{"self":[{"href":"https:\/\/denisaadolfova.com\/fr\/wp-json\/wp\/v2\/product\/940","targetHints":{"allow":["GET"]}}],"collection":[{"href":"https:\/\/denisaadolfova.com\/fr\/wp-json\/wp\/v2\/product"}],"about":[{"href":"https:\/\/denisaadolfova.com\/fr\/wp-json\/wp\/v2\/types\/product"}],"wp:featuredmedia":[{"embeddable":true,"href":"https:\/\/denisaadolfova.com\/fr\/wp-json\/wp\/v2\/media\/941"}],"wp:attachment":[{"href":"https:\/\/denisaadolfova.com\/fr\/wp-json\/wp\/v2\/media?parent=940"}],"wp:term":[{"taxonomy":"product_brand","embeddable":true,"href":"https:\/\/denisaadolfova.com\/fr\/wp-json\/wp\/v2\/product_brand?post=940"},{"taxonomy":"product_cat","embeddable":true,"href":"https:\/\/denisaadolfova.com\/fr\/wp-json\/wp\/v2\/product_cat?post=940"},{"taxonomy":"product_tag","embeddable":true,"href":"https:\/\/denisaadolfova.com\/fr\/wp-json\/wp\/v2\/product_tag?post=940"}],"curies":[{"name":"wp","href":"https:\/\/api.w.org\/{rel}","templated":true}]}}