{"id":3525,"date":"2025-11-24T18:40:52","date_gmt":"2025-11-24T17:40:52","guid":{"rendered":"https:\/\/denisaadolfova.com\/?post_type=product&#038;p=3525"},"modified":"2025-11-24T18:40:52","modified_gmt":"2025-11-24T17:40:52","slug":"sfera","status":"publish","type":"product","link":"https:\/\/denisaadolfova.com\/fr\/produkt\/sfera\/","title":{"rendered":"Sf\u00e9ra"},"content":{"rendered":"<p><img loading=\"lazy\" decoding=\"async\" class=\"size-large wp-image-3529 aligncenter\" src=\"https:\/\/denisaadolfova.com\/wp-content\/uploads\/2025\/11\/DSC_6538-tisk-785x1024.jpg\" alt=\"\" width=\"785\" height=\"1024\" srcset=\"https:\/\/denisaadolfova.com\/wp-content\/uploads\/2025\/11\/DSC_6538-tisk-785x1024.jpg 785w, https:\/\/denisaadolfova.com\/wp-content\/uploads\/2025\/11\/DSC_6538-tisk-230x300.jpg 230w, https:\/\/denisaadolfova.com\/wp-content\/uploads\/2025\/11\/DSC_6538-tisk-768x1001.jpg 768w, https:\/\/denisaadolfova.com\/wp-content\/uploads\/2025\/11\/DSC_6538-tisk-1178x1536.jpg 1178w, https:\/\/denisaadolfova.com\/wp-content\/uploads\/2025\/11\/DSC_6538-tisk-1571x2048.jpg 1571w, https:\/\/denisaadolfova.com\/wp-content\/uploads\/2025\/11\/DSC_6538-tisk-1140x1486.jpg 1140w, https:\/\/denisaadolfova.com\/wp-content\/uploads\/2025\/11\/DSC_6538-tisk-600x782.jpg 600w, https:\/\/denisaadolfova.com\/wp-content\/uploads\/2025\/11\/DSC_6538-tisk-scaled.jpg 1963w\" sizes=\"auto, (max-width: 785px) 100vw, 785px\" \/><\/p>\n","protected":false},"excerpt":{"rendered":"<p>N\u00e1zev kabelky Sf\u00e9ra vznikl podle v\u00fdrazn\u00e9 mosazn\u00e9 spony p\u0159ipom\u00ednaj\u00edc\u00ed zem\u011bkouli. Jej\u00ed silueta je tvo\u0159en\u00e1 m\u011bkce kulat\u00fdmi liniemi. D\u00edky promy\u0161len\u00e9mu vnit\u0159n\u00edmu uspo\u0159\u00e1d\u00e1n\u00ed, s praktickou kapsou na zip budete m\u00edt v\u017edy dokonal\u00fd p\u0159ehled o sv\u00fdch v\u011bcech. Sf\u00e9\u0159e slu\u0161\u00ed jak odv\u00e1\u017en\u00e9, tak nad\u010dasov\u00e9 klasick\u00e9 barvy. Kabelka je vyrobena z prvot\u0159\u00eddn\u00ed francouzsk\u00e9 koz\u00ed \u201cgoat skin\u201d, kter\u00e1 se vyzna\u010duje jemnost\u00ed a odolnost\u00ed.<span class=\"Apple-converted-space\">\u00a0<\/span><\/p>\n<p>Interi\u00e9r je zhotoven\u00fd z jemn\u00e9 k\u016f\u017ee ve stejn\u00e9m odst\u00ednu lila.<\/p>\n<p>Sou\u010d\u00e1st\u00ed kabelky je odn\u00edmateln\u00fd ko\u017een\u00fd popruh.<\/p>\n","protected":false},"featured_media":3526,"template":"","meta":{"advanced_seo_description":"","jetpack_seo_html_title":"","jetpack_seo_noindex":false},"product_brand":[],"product_cat":[28],"product_tag":[],"class_list":{"0":"post-3525","1":"product","2":"type-product","3":"status-publish","4":"has-post-thumbnail","6":"product_cat-handbags","8":"first","9":"instock","10":"shipping-taxable","11":"purchasable","12":"product-type-simple"},"jetpack_sharing_enabled":true,"jetpack_likes_enabled":true,"_links":{"self":[{"href":"https:\/\/denisaadolfova.com\/fr\/wp-json\/wp\/v2\/product\/3525","targetHints":{"allow":["GET"]}}],"collection":[{"href":"https:\/\/denisaadolfova.com\/fr\/wp-json\/wp\/v2\/product"}],"about":[{"href":"https:\/\/denisaadolfova.com\/fr\/wp-json\/wp\/v2\/types\/product"}],"wp:featuredmedia":[{"embeddable":true,"href":"https:\/\/denisaadolfova.com\/fr\/wp-json\/wp\/v2\/media\/3526"}],"wp:attachment":[{"href":"https:\/\/denisaadolfova.com\/fr\/wp-json\/wp\/v2\/media?parent=3525"}],"wp:term":[{"taxonomy":"product_brand","embeddable":true,"href":"https:\/\/denisaadolfova.com\/fr\/wp-json\/wp\/v2\/product_brand?post=3525"},{"taxonomy":"product_cat","embeddable":true,"href":"https:\/\/denisaadolfova.com\/fr\/wp-json\/wp\/v2\/product_cat?post=3525"},{"taxonomy":"product_tag","embeddable":true,"href":"https:\/\/denisaadolfova.com\/fr\/wp-json\/wp\/v2\/product_tag?post=3525"}],"curies":[{"name":"wp","href":"https:\/\/api.w.org\/{rel}","templated":true}]}}