{"id":3503,"date":"2025-11-24T18:20:14","date_gmt":"2025-11-24T17:20:14","guid":{"rendered":"https:\/\/denisaadolfova.com\/?post_type=product&#038;p=3503"},"modified":"2025-11-24T18:26:23","modified_gmt":"2025-11-24T17:26:23","slug":"santa-crocce","status":"publish","type":"product","link":"https:\/\/denisaadolfova.com\/fr\/produkt\/santa-crocce\/","title":{"rendered":"Santa Crocce"},"content":{"rendered":"<p><img loading=\"lazy\" decoding=\"async\" class=\"alignnone size-large wp-image-3513 aligncenter\" src=\"https:\/\/denisaadolfova.com\/wp-content\/uploads\/2025\/11\/DA-kabelky-3-2-683x1024.jpg\" alt=\"\" width=\"683\" height=\"1024\" srcset=\"https:\/\/denisaadolfova.com\/wp-content\/uploads\/2025\/11\/DA-kabelky-3-2-683x1024.jpg 683w, https:\/\/denisaadolfova.com\/wp-content\/uploads\/2025\/11\/DA-kabelky-3-2-200x300.jpg 200w, https:\/\/denisaadolfova.com\/wp-content\/uploads\/2025\/11\/DA-kabelky-3-2-768x1152.jpg 768w, https:\/\/denisaadolfova.com\/wp-content\/uploads\/2025\/11\/DA-kabelky-3-2-1024x1536.jpg 1024w, https:\/\/denisaadolfova.com\/wp-content\/uploads\/2025\/11\/DA-kabelky-3-2-1365x2048.jpg 1365w, https:\/\/denisaadolfova.com\/wp-content\/uploads\/2025\/11\/DA-kabelky-3-2-1140x1710.jpg 1140w, https:\/\/denisaadolfova.com\/wp-content\/uploads\/2025\/11\/DA-kabelky-3-2-600x900.jpg 600w, https:\/\/denisaadolfova.com\/wp-content\/uploads\/2025\/11\/DA-kabelky-3-2-scaled.jpg 1707w\" sizes=\"auto, (max-width: 683px) 100vw, 683px\" \/><\/p>\n","protected":false},"excerpt":{"rendered":"<p>Kabelka Santa Crocce je prodchnut\u00e1 renesan\u010dn\u00edm duchem. Ikonick\u00fd pravo\u00fahl\u00fd v\u00fd\u0159ez na klop\u011b odkazuje na m\u011bstsk\u00e9 pravo\u00fahl\u00e9 linie. Nen\u00ed divu, kabelka je ide\u00e1ln\u00edm spole\u010dn\u00edkem do m\u011bsta &#8211; na proch\u00e1zky, n\u00e1v\u0161t\u011bvy galerii a muze\u00ed. Vejde se do n\u00ed v\u0161e pot\u0159ebn\u00e9.<span class=\"Apple-converted-space\">\u00a0<\/span><\/p>\n<p>Autorsk\u00e1 spona od Hany Pol\u00edvkov\u00e9 p\u0159ipom\u00edn\u00e1 z\u00e1\u0159i barokn\u00edho olt\u00e1\u0159e a dod\u00e1v\u00e1 kabelce nezapomenuteln\u00fd detail.<span class=\"Apple-converted-space\">\u00a0<\/span><\/p>\n<p>Ko\u017een\u00fd popruh lze z kabelky sundat a pou\u017e\u00edt i zvl\u00e1\u0161\u0165 jako p\u00e1sek. Z nezbytn\u00e9ho dopl\u0148ku do m\u011bsta se n\u00e1hle st\u00e1v\u00e1 multifunk\u010dn\u00ed \u0161perk. N\u00e1dhern\u00fd ko\u017een\u00fd p\u00e1sek, ale i kabelka do spole\u010dnosti.<\/p>\n","protected":false},"featured_media":3504,"template":"","meta":{"advanced_seo_description":"","jetpack_seo_html_title":"","jetpack_seo_noindex":false},"product_brand":[],"product_cat":[28],"product_tag":[],"class_list":{"0":"post-3503","1":"product","2":"type-product","3":"status-publish","4":"has-post-thumbnail","6":"product_cat-handbags","8":"first","9":"instock","10":"shipping-taxable","11":"purchasable","12":"product-type-simple"},"jetpack_sharing_enabled":true,"jetpack_likes_enabled":true,"_links":{"self":[{"href":"https:\/\/denisaadolfova.com\/fr\/wp-json\/wp\/v2\/product\/3503","targetHints":{"allow":["GET"]}}],"collection":[{"href":"https:\/\/denisaadolfova.com\/fr\/wp-json\/wp\/v2\/product"}],"about":[{"href":"https:\/\/denisaadolfova.com\/fr\/wp-json\/wp\/v2\/types\/product"}],"wp:featuredmedia":[{"embeddable":true,"href":"https:\/\/denisaadolfova.com\/fr\/wp-json\/wp\/v2\/media\/3504"}],"wp:attachment":[{"href":"https:\/\/denisaadolfova.com\/fr\/wp-json\/wp\/v2\/media?parent=3503"}],"wp:term":[{"taxonomy":"product_brand","embeddable":true,"href":"https:\/\/denisaadolfova.com\/fr\/wp-json\/wp\/v2\/product_brand?post=3503"},{"taxonomy":"product_cat","embeddable":true,"href":"https:\/\/denisaadolfova.com\/fr\/wp-json\/wp\/v2\/product_cat?post=3503"},{"taxonomy":"product_tag","embeddable":true,"href":"https:\/\/denisaadolfova.com\/fr\/wp-json\/wp\/v2\/product_tag?post=3503"}],"curies":[{"name":"wp","href":"https:\/\/api.w.org\/{rel}","templated":true}]}}