{"id":3338,"date":"2025-04-23T19:07:08","date_gmt":"2025-04-23T17:07:08","guid":{"rendered":"https:\/\/denisaadolfova.com\/?post_type=product&#038;p=3338"},"modified":"2025-11-24T18:42:43","modified_gmt":"2025-11-24T17:42:43","slug":"divine-dance","status":"publish","type":"product","link":"https:\/\/denisaadolfova.com\/fr\/produkt\/divine-dance\/","title":{"rendered":"Divine Dance"},"content":{"rendered":"<blockquote><p><img loading=\"lazy\" decoding=\"async\" class=\"wp-image-3001 size-full alignnone\" src=\"https:\/\/denisaadolfova.com\/wp-content\/uploads\/2024\/10\/HanaXDen_0207-web-1.jpg\" alt=\"\" width=\"2560\" height=\"1920\" srcset=\"https:\/\/denisaadolfova.com\/wp-content\/uploads\/2024\/10\/HanaXDen_0207-web-1.jpg 2560w, https:\/\/denisaadolfova.com\/wp-content\/uploads\/2024\/10\/HanaXDen_0207-web-1-600x450.jpg 600w, https:\/\/denisaadolfova.com\/wp-content\/uploads\/2024\/10\/HanaXDen_0207-web-1-300x225.jpg 300w, https:\/\/denisaadolfova.com\/wp-content\/uploads\/2024\/10\/HanaXDen_0207-web-1-1024x768.jpg 1024w, https:\/\/denisaadolfova.com\/wp-content\/uploads\/2024\/10\/HanaXDen_0207-web-1-768x576.jpg 768w, https:\/\/denisaadolfova.com\/wp-content\/uploads\/2024\/10\/HanaXDen_0207-web-1-1536x1152.jpg 1536w, https:\/\/denisaadolfova.com\/wp-content\/uploads\/2024\/10\/HanaXDen_0207-web-1-2048x1536.jpg 2048w, https:\/\/denisaadolfova.com\/wp-content\/uploads\/2024\/10\/HanaXDen_0207-web-1-1140x855.jpg 1140w\" sizes=\"auto, (max-width: 2560px) 100vw, 2560px\" \/><\/p><\/blockquote>\n","protected":false},"excerpt":{"rendered":"<p>Kabelka Divine Dance V\u00e1s zve k Bo\u017esk\u00e9mu tanci. Paprsky slune\u010dn\u00edho sv\u011btla vytahuj\u00ed zlat\u00e1 st\u00e9bla a\u017e k obloze. V\u00edtr jemn\u011b pro\u010des\u00e1v\u00e1 klasy obil\u00ed a p\u0159ipravuje je ke slavnostn\u00ed hostin\u011b. Ocit\u00e1me se p\u0159\u00edmo v srdci chr\u00e1mu Bo\u017esk\u00e9ho proud\u011bn\u00ed. Zlat\u00fd \u0161perk se \u010dty\u0159mi rub\u00edny je jako svat\u00fd gr\u00e1l &#8211; symbol pozv\u00e1n\u00ed k v\u011b\u010dn\u00e9mu slaven\u00ed eucharistie, hostiny, na kterou jsou zv\u00e1n\u00ed v\u0161ichni.<\/p>\n<p>Kabelka se skl\u00e1d\u00e1 ze dvou odd\u00edl\u016f, kter\u00e9 jsou rozd\u011bleny st\u0159edovou kapsou na zip. Toto uspo\u0159\u00e1d\u00e1n\u00ed nab\u00edz\u00ed velkorys\u00ed prostor pro va\u0161e nezbytnosti. Kabelka je dopln\u011bn\u00e1 odd\u011bl\u00e1vac\u00edm popruhem, kter\u00fd m\u016f\u017ee slou\u017eit i samostatn\u011b jako p\u00e1sek. Dominantou cel\u00e9ho p\u00e1sku je honosn\u00e1 spona vytvo\u0159en\u00e1 autorkou \u0161perk\u016f. Spona symbolizuje paprsky slunce a dokonale podtrhuje celou kabelku. Kabelka je zhotoven\u00e1 z delik\u00e1tn\u00ed francouzsk\u00e9 k\u016f\u017ee Agneau &#8211; Lamb skin. Podklad kabelky tvo\u0159\u00ed p\u0159\u00edrodn\u00ed pevn\u00e1 k\u016f\u017ee &#8211; vegetal. Pod\u0161\u00edvka je ze stejn\u00e9ho materi\u00e1lu, jako exteri\u00e9r kabelky.<\/p>\n<p>&nbsp;<\/p>\n","protected":false},"featured_media":3339,"template":"","meta":{"advanced_seo_description":"","jetpack_seo_html_title":"","jetpack_seo_noindex":false},"product_brand":[],"product_cat":[28],"product_tag":[],"class_list":{"0":"post-3338","1":"product","2":"type-product","3":"status-publish","4":"has-post-thumbnail","6":"product_cat-handbags","8":"first","9":"instock","10":"shipping-taxable","11":"purchasable","12":"product-type-simple"},"jetpack_sharing_enabled":true,"jetpack_likes_enabled":true,"_links":{"self":[{"href":"https:\/\/denisaadolfova.com\/fr\/wp-json\/wp\/v2\/product\/3338","targetHints":{"allow":["GET"]}}],"collection":[{"href":"https:\/\/denisaadolfova.com\/fr\/wp-json\/wp\/v2\/product"}],"about":[{"href":"https:\/\/denisaadolfova.com\/fr\/wp-json\/wp\/v2\/types\/product"}],"wp:featuredmedia":[{"embeddable":true,"href":"https:\/\/denisaadolfova.com\/fr\/wp-json\/wp\/v2\/media\/3339"}],"wp:attachment":[{"href":"https:\/\/denisaadolfova.com\/fr\/wp-json\/wp\/v2\/media?parent=3338"}],"wp:term":[{"taxonomy":"product_brand","embeddable":true,"href":"https:\/\/denisaadolfova.com\/fr\/wp-json\/wp\/v2\/product_brand?post=3338"},{"taxonomy":"product_cat","embeddable":true,"href":"https:\/\/denisaadolfova.com\/fr\/wp-json\/wp\/v2\/product_cat?post=3338"},{"taxonomy":"product_tag","embeddable":true,"href":"https:\/\/denisaadolfova.com\/fr\/wp-json\/wp\/v2\/product_tag?post=3338"}],"curies":[{"name":"wp","href":"https:\/\/api.w.org\/{rel}","templated":true}]}}