{"id":3336,"date":"2025-04-25T16:54:11","date_gmt":"2025-04-25T14:54:11","guid":{"rendered":"https:\/\/denisaadolfova.com\/?post_type=product&#038;p=3336"},"modified":"2025-11-07T19:43:15","modified_gmt":"2025-11-07T18:43:15","slug":"madona","status":"publish","type":"product","link":"https:\/\/denisaadolfova.com\/fr\/produkt\/madona\/","title":{"rendered":"Madona"},"content":{"rendered":"<p><img loading=\"lazy\" decoding=\"async\" class=\"alignnone size-large wp-image-3321 aligncenter\" src=\"https:\/\/denisaadolfova.com\/wp-content\/uploads\/2025\/04\/Polivkova-Adolfova-kabelky-8-1024x683.jpg\" alt=\"\" width=\"960\" height=\"640\" srcset=\"https:\/\/denisaadolfova.com\/wp-content\/uploads\/2025\/04\/Polivkova-Adolfova-kabelky-8-1024x683.jpg 1024w, https:\/\/denisaadolfova.com\/wp-content\/uploads\/2025\/04\/Polivkova-Adolfova-kabelky-8-scaled-600x400.jpg 600w, https:\/\/denisaadolfova.com\/wp-content\/uploads\/2025\/04\/Polivkova-Adolfova-kabelky-8-300x200.jpg 300w, https:\/\/denisaadolfova.com\/wp-content\/uploads\/2025\/04\/Polivkova-Adolfova-kabelky-8-768x512.jpg 768w, https:\/\/denisaadolfova.com\/wp-content\/uploads\/2025\/04\/Polivkova-Adolfova-kabelky-8-1536x1024.jpg 1536w, https:\/\/denisaadolfova.com\/wp-content\/uploads\/2025\/04\/Polivkova-Adolfova-kabelky-8-2048x1365.jpg 2048w, https:\/\/denisaadolfova.com\/wp-content\/uploads\/2025\/04\/Polivkova-Adolfova-kabelky-8-1140x760.jpg 1140w\" sizes=\"auto, (max-width: 960px) 100vw, 960px\" \/><\/p>\n","protected":false},"excerpt":{"rendered":"<p>V\u00fdrazn\u00e1 struktura reli\u00e9fu evokuje paprsky slune\u010dn\u00edho sv\u011btla. St\u0159ed, ze kter\u00e9ho paprsky vych\u00e1zej\u00ed korunuje \u0161perk z ateli\u00e9ru Hany Pol\u00edvkov\u00e9. Tento \u0161perk symbolizuje chl\u00e9b jako spole\u010dn\u00e9 d\u00edlo Boha a \u010dlov\u011bka.<\/p>\n<p>Kabelka se skl\u00e1d\u00e1 ze dvou odd\u00edl\u016f, kter\u00e9 jsou rozd\u011bleny st\u0159edovou kapsou na zip. Toto uspo\u0159\u00e1d\u00e1n\u00ed nab\u00edz\u00ed velkorys\u00fd prostor pro va\u0161e nezbytnosti. Kabelka je dopln\u011bn\u00e1 odd\u011bl\u00e1vac\u00edm popruhem, kter\u00fd m\u016f\u017ee slou\u017eit i samostatn\u011b jako p\u00e1sek. Dominantou cel\u00e9ho p\u00e1sku je honosn\u00e1 spona vytvo\u0159en\u00e1 autorkou \u0161perk\u016f. Spona symbolizuje paprsky slunce a dokonale podtrhuje celou kabelku. Kabelka je zhotoven\u00e1 z delik\u00e1tn\u00ed francouzsk\u00e9 k\u016f\u017ee Agneau &#8211; Lamb skin. Podklad kabelky tvo\u0159\u00ed p\u0159\u00edrodn\u00ed pevn\u00e1 k\u016f\u017ee &#8211; vegetal. Pod\u0161\u00edvka je ze stejn\u00e9ho materi\u00e1lu, jako exteri\u00e9r kabelky.<\/p>\n","protected":false},"featured_media":3321,"template":"","meta":{"advanced_seo_description":"","jetpack_seo_html_title":"","jetpack_seo_noindex":false},"product_brand":[],"product_cat":[28],"product_tag":[],"class_list":{"0":"post-3336","1":"product","2":"type-product","3":"status-publish","4":"has-post-thumbnail","6":"product_cat-handbags","8":"first","9":"instock","10":"shipping-taxable","11":"purchasable","12":"product-type-simple"},"jetpack_sharing_enabled":true,"jetpack_likes_enabled":true,"_links":{"self":[{"href":"https:\/\/denisaadolfova.com\/fr\/wp-json\/wp\/v2\/product\/3336","targetHints":{"allow":["GET"]}}],"collection":[{"href":"https:\/\/denisaadolfova.com\/fr\/wp-json\/wp\/v2\/product"}],"about":[{"href":"https:\/\/denisaadolfova.com\/fr\/wp-json\/wp\/v2\/types\/product"}],"wp:featuredmedia":[{"embeddable":true,"href":"https:\/\/denisaadolfova.com\/fr\/wp-json\/wp\/v2\/media\/3321"}],"wp:attachment":[{"href":"https:\/\/denisaadolfova.com\/fr\/wp-json\/wp\/v2\/media?parent=3336"}],"wp:term":[{"taxonomy":"product_brand","embeddable":true,"href":"https:\/\/denisaadolfova.com\/fr\/wp-json\/wp\/v2\/product_brand?post=3336"},{"taxonomy":"product_cat","embeddable":true,"href":"https:\/\/denisaadolfova.com\/fr\/wp-json\/wp\/v2\/product_cat?post=3336"},{"taxonomy":"product_tag","embeddable":true,"href":"https:\/\/denisaadolfova.com\/fr\/wp-json\/wp\/v2\/product_tag?post=3336"}],"curies":[{"name":"wp","href":"https:\/\/api.w.org\/{rel}","templated":true}]}}