{"id":3305,"date":"2025-04-25T18:38:59","date_gmt":"2025-04-25T16:38:59","guid":{"rendered":"https:\/\/denisaadolfova.com\/?post_type=product&#038;p=3305"},"modified":"2025-04-25T18:38:59","modified_gmt":"2025-04-25T16:38:59","slug":"vireta","status":"publish","type":"product","link":"https:\/\/denisaadolfova.com\/fr\/produkt\/vireta\/","title":{"rendered":"Vireta"},"content":{"rendered":"","protected":false},"excerpt":{"rendered":"<p>Denisa Adolfov\u00e1 se op\u011bt spojuje se zna\u010dkou 27JEWELRY a jej\u00ed zakladatelkou Lenkou Kerlickou.<\/p>\n<p>Inspirac\u00ed pro vznik kabelky byla renesanc\u030cn\u00ed kr\u00e1lovsk\u00e1 zahrada. Zve n\u00e1s k estetick\u00e9mu pro\u017eitku, ope\u030ctovn\u00e9mu spojen\u00ed s pr\u030c\u00edrodou a radosti z pr\u030c\u00edtomn\u00e9ho okam\u017eiku.<\/p>\n<p>Tradic\u030cn\u00ed ume\u030clecko-r\u030cemesln\u00e1 technika s ruc\u030cn\u00edm stehem vytv\u00e1r\u030c\u00ed na francouzsk\u00e9 jehne\u030cc\u030c\u00ed ku\u030a\u017ei dokonal\u00fd r\u030c\u00e1d nekonec\u030cne\u030c plynouc\u00edch lini\u00ed. Evokuje du\u030amyslnou architekturu labyrintu\u030a, cest a precizne\u030c tvarovan\u00fdch kve\u030ctinov\u00fdch z\u00e1honu\u030a, kter\u00e9 sme\u030cr\u030cuj\u00ed na\u0161e kroky neust\u00e1le vpr\u030ced.<\/p>\n<p>Str\u030ced je zdoben honosnou organickou sponou ze 14k zlata, jej\u00ed\u017e kr\u030cehk\u00e9 plochy s letm\u00fdmi otisky prstu\u030a autorky vypr\u00e1ve\u030cj\u00ed pr\u030c\u00edbe\u030ch jej\u00edho vzniku. Jako subtiln\u00ed ume\u030cleck\u00e9 d\u00edlo se syte\u030c oran\u017eov\u00fdmi karneoly, symboly odvahy, kreativity a \u0161te\u030cst\u00ed, k n\u00e1m \u0161perk promlouv\u00e1 a l\u00e1k\u00e1 k interakci. V na\u0161\u00ed nekonec\u030cn\u00e9 fantazii se ve spojen\u00ed s modelovanou ku\u030a\u017e\u00ed prome\u030cn\u030cuje v abstraktn\u00ed zahradn\u00ed sochu nebo vz\u00e1cn\u00fd lekn\u00edn pluj\u00edc\u00ed po vodn\u00ed hladine\u030c.<\/p>\n<p>Kolekce kabelky a \u0161perku\u030a je vytvor\u030cena pouze v jedin\u00e9m unik\u00e1tn\u00edm proveden\u00ed, kter\u00e9 zabralo v\u00edce ne\u017e 150 hodin poctiv\u00e9 r\u030cemesln\u00e9 pr\u00e1ce.<\/p>\n","protected":false},"featured_media":3159,"template":"","meta":{"advanced_seo_description":"","jetpack_seo_html_title":"","jetpack_seo_noindex":false},"product_brand":[],"product_cat":[28],"product_tag":[],"class_list":{"0":"post-3305","1":"product","2":"type-product","3":"status-publish","4":"has-post-thumbnail","6":"product_cat-handbags","8":"first","9":"instock","10":"shipping-taxable","11":"product-type-simple"},"jetpack_sharing_enabled":true,"jetpack_likes_enabled":true,"_links":{"self":[{"href":"https:\/\/denisaadolfova.com\/fr\/wp-json\/wp\/v2\/product\/3305","targetHints":{"allow":["GET"]}}],"collection":[{"href":"https:\/\/denisaadolfova.com\/fr\/wp-json\/wp\/v2\/product"}],"about":[{"href":"https:\/\/denisaadolfova.com\/fr\/wp-json\/wp\/v2\/types\/product"}],"wp:featuredmedia":[{"embeddable":true,"href":"https:\/\/denisaadolfova.com\/fr\/wp-json\/wp\/v2\/media\/3159"}],"wp:attachment":[{"href":"https:\/\/denisaadolfova.com\/fr\/wp-json\/wp\/v2\/media?parent=3305"}],"wp:term":[{"taxonomy":"product_brand","embeddable":true,"href":"https:\/\/denisaadolfova.com\/fr\/wp-json\/wp\/v2\/product_brand?post=3305"},{"taxonomy":"product_cat","embeddable":true,"href":"https:\/\/denisaadolfova.com\/fr\/wp-json\/wp\/v2\/product_cat?post=3305"},{"taxonomy":"product_tag","embeddable":true,"href":"https:\/\/denisaadolfova.com\/fr\/wp-json\/wp\/v2\/product_tag?post=3305"}],"curies":[{"name":"wp","href":"https:\/\/api.w.org\/{rel}","templated":true}]}}