{"id":2609,"date":"2024-02-17T16:57:34","date_gmt":"2024-02-17T15:57:34","guid":{"rendered":"https:\/\/denisaadolfova.com\/?post_type=product&#038;p=2609"},"modified":"2024-02-17T16:57:34","modified_gmt":"2024-02-17T15:57:34","slug":"divine-cathedral","status":"publish","type":"product","link":"https:\/\/denisaadolfova.com\/fr\/produkt\/divine-cathedral\/","title":{"rendered":"Divine Cathedral"},"content":{"rendered":"","protected":false},"excerpt":{"rendered":"<p>Dlouh\u00e1 a tajupln\u00e1 cesta n\u00e1m odhaluje kabelku Divine Cathedral. Jej\u00ed lomen\u00e9 oblouky jsou jako st\u00e9bla lu\u010dn\u00ed tr\u00e1vy, vyp\u00ednaj\u00edc\u00ed se a\u017e k no\u010dn\u00ed obloze. Tam z\u00e1\u0159\u00ed t\u0159i \u0161perky nadlidsk\u00e9ho ducha. Moudrost a s\u00edla l\u00e1sky vyza\u0159uj\u00edc\u00ed vyrovnanost a klid.<\/p>\n<p>Prvn\u00ed kabelka Echo Spirit pojedn\u00e1v\u00e1 o cest\u011b za hled\u00e1n\u00edm pokladu. Divine Cathedral je ji\u017e m\u00edstem pro t\u0159i \u0161perky, kter\u00e9 vytvo\u0159ila talentovan\u00e1 design\u00e9rka Lenka Kerlick\u00e1.<span class=\"Apple-converted-space\">\u00a0<\/span><\/p>\n<p>Sv\u016fj nezam\u011bniteln\u00fd rukopis vtiskla do hmoty z 14 kar\u00e1tov\u00e9ho zlata, ru\u010dn\u011b vsazen\u00fdmi p\u0159\u00edrodn\u00edmi diamanty a trojic\u00ed \u201ekr\u00e1lovsk\u00fdch\u201c diamant\u016f: smaragdem, rub\u00ednem a saf\u00edrem. K\u0159\u00ed\u017eek s modr\u00fdm saf\u00edrem je symbolem pravdy a moudrosti. Centr\u00e1ln\u00ed \u0161perk se smaragdy je kamenem kr\u00e1l\u016f a pojedn\u00e1v\u00e1 o vnit\u0159n\u00ed rovnov\u00e1ze. Nepravideln\u00e1 organick\u00e1 placka s rub\u00ednem je o v\u00e1\u0161ni k \u017eivotu a pohybu. Ka\u017ed\u00e1 barva nese svoji symboliku s odkazem na Svatov\u00e1clavskou korunu. V\u0161echny t\u0159i \u0161perky spolu komunikuj\u00ed a vz\u00e1jemn\u011b se snoub\u00ed s katedr\u00e1lou jako jeden celek.<\/p>\n<p>Kabelka je zhotoven\u00e1 z\u00a0jehn\u011b\u010d\u00ed k\u016f\u017ee, pu\u030avodem z\u00a0Francie. Doplne\u030cn\u00e1 popruhem s celozlatou sponou posypanou brilianty. Plasticita je vytvor\u030cena ruc\u030cn\u00ed technikou. Geometrick\u00e9 tvaroslov\u00ed je zhotoven\u00e9 ruc\u030cn\u00edm stehem. Ka\u017ed\u00fd jednotliv\u00fd kousek je tak naprosto unik\u00e1tn\u00ed custom made z\u00e1le\u017eitost\u00ed.<\/p>\n","protected":false},"featured_media":2573,"template":"","meta":{"advanced_seo_description":"","jetpack_seo_html_title":"","jetpack_seo_noindex":false},"product_brand":[],"product_cat":[28],"product_tag":[],"class_list":{"0":"post-2609","1":"product","2":"type-product","3":"status-publish","4":"has-post-thumbnail","6":"product_cat-handbags","8":"first","9":"onbackorder","10":"shipping-taxable","11":"product-type-simple"},"jetpack_sharing_enabled":true,"jetpack_likes_enabled":true,"_links":{"self":[{"href":"https:\/\/denisaadolfova.com\/fr\/wp-json\/wp\/v2\/product\/2609","targetHints":{"allow":["GET"]}}],"collection":[{"href":"https:\/\/denisaadolfova.com\/fr\/wp-json\/wp\/v2\/product"}],"about":[{"href":"https:\/\/denisaadolfova.com\/fr\/wp-json\/wp\/v2\/types\/product"}],"wp:featuredmedia":[{"embeddable":true,"href":"https:\/\/denisaadolfova.com\/fr\/wp-json\/wp\/v2\/media\/2573"}],"wp:attachment":[{"href":"https:\/\/denisaadolfova.com\/fr\/wp-json\/wp\/v2\/media?parent=2609"}],"wp:term":[{"taxonomy":"product_brand","embeddable":true,"href":"https:\/\/denisaadolfova.com\/fr\/wp-json\/wp\/v2\/product_brand?post=2609"},{"taxonomy":"product_cat","embeddable":true,"href":"https:\/\/denisaadolfova.com\/fr\/wp-json\/wp\/v2\/product_cat?post=2609"},{"taxonomy":"product_tag","embeddable":true,"href":"https:\/\/denisaadolfova.com\/fr\/wp-json\/wp\/v2\/product_tag?post=2609"}],"curies":[{"name":"wp","href":"https:\/\/api.w.org\/{rel}","templated":true}]}}