{"id":2032,"date":"2024-10-28T16:22:33","date_gmt":"2024-10-28T15:22:33","guid":{"rendered":"https:\/\/denisaadolfova.com\/?post_type=product&#038;p=2032"},"modified":"2025-11-24T18:47:16","modified_gmt":"2025-11-24T17:47:16","slug":"renescent","status":"publish","type":"product","link":"https:\/\/denisaadolfova.com\/fr\/produkt\/renescent\/","title":{"rendered":"Florescent"},"content":{"rendered":"<p style=\"text-align: center;\"><img loading=\"lazy\" decoding=\"async\" class=\"size-large wp-image-3200 aligncenter\" src=\"https:\/\/denisaadolfova.com\/wp-content\/uploads\/2025\/04\/HanaXDen_0064-web-1024x768.jpg\" alt=\"\" width=\"960\" height=\"720\" srcset=\"https:\/\/denisaadolfova.com\/wp-content\/uploads\/2025\/04\/HanaXDen_0064-web-1024x768.jpg 1024w, https:\/\/denisaadolfova.com\/wp-content\/uploads\/2025\/04\/HanaXDen_0064-web-600x450.jpg 600w, https:\/\/denisaadolfova.com\/wp-content\/uploads\/2025\/04\/HanaXDen_0064-web-300x225.jpg 300w, https:\/\/denisaadolfova.com\/wp-content\/uploads\/2025\/04\/HanaXDen_0064-web-768x576.jpg 768w, https:\/\/denisaadolfova.com\/wp-content\/uploads\/2025\/04\/HanaXDen_0064-web-1536x1152.jpg 1536w, https:\/\/denisaadolfova.com\/wp-content\/uploads\/2025\/04\/HanaXDen_0064-web-2048x1536.jpg 2048w, https:\/\/denisaadolfova.com\/wp-content\/uploads\/2025\/04\/HanaXDen_0064-web-1140x855.jpg 1140w\" sizes=\"auto, (max-width: 960px) 100vw, 960px\" \/> <img loading=\"lazy\" decoding=\"async\" class=\"size-large wp-image-2887 aligncenter\" src=\"https:\/\/denisaadolfova.com\/wp-content\/uploads\/2024\/10\/Hana-Polivkova-Denisa-Adolfova-4-1024x664.jpg\" alt=\"\" width=\"960\" height=\"623\" srcset=\"https:\/\/denisaadolfova.com\/wp-content\/uploads\/2024\/10\/Hana-Polivkova-Denisa-Adolfova-4-1024x664.jpg 1024w, https:\/\/denisaadolfova.com\/wp-content\/uploads\/2024\/10\/Hana-Polivkova-Denisa-Adolfova-4-scaled-600x389.jpg 600w, https:\/\/denisaadolfova.com\/wp-content\/uploads\/2024\/10\/Hana-Polivkova-Denisa-Adolfova-4-300x194.jpg 300w, https:\/\/denisaadolfova.com\/wp-content\/uploads\/2024\/10\/Hana-Polivkova-Denisa-Adolfova-4-768x498.jpg 768w, https:\/\/denisaadolfova.com\/wp-content\/uploads\/2024\/10\/Hana-Polivkova-Denisa-Adolfova-4-1536x995.jpg 1536w, https:\/\/denisaadolfova.com\/wp-content\/uploads\/2024\/10\/Hana-Polivkova-Denisa-Adolfova-4-2048x1327.jpg 2048w, https:\/\/denisaadolfova.com\/wp-content\/uploads\/2024\/10\/Hana-Polivkova-Denisa-Adolfova-4-1140x739.jpg 1140w\" sizes=\"auto, (max-width: 960px) 100vw, 960px\" \/><\/p>\n","protected":false},"excerpt":{"rendered":"<p>Kabelka Florescent je jako Boticelliho Zrozen\u00ed Venu\u0161e. Stejn\u011b jako jej\u00ed t\u011blo, tak i kv\u011bt kabelky stoj\u00ed p\u0159esn\u011b uprost\u0159ed a tvo\u0159\u00ed pomysln\u00fd pil\u00ed\u0159 mezi nebem a zem\u00ed &#8211; spojnice duchovna a hmoty. St\u0159ed kabelky zdob\u00ed zlat\u00fd \u0161perk s \u0159\u00ed\u010dn\u00ed perlou, usazenou do \u017el\u00e1bku ve tvaru \u017eensk\u00e9ho l\u016fna. Je jaro a v\u0161e je nov\u00e9 a sv\u011b\u017e\u00ed jako okv\u011btn\u00ed pl\u00e1tky r\u016f\u017e\u00ed, kter\u00e9 zachyt\u00e1vaj\u00ed kapky l\u00e1sky padaj\u00edc\u00ed z nebe.<\/p>\n<p>Rozm\u011bry kabelky 24 x 17 x 6cm<\/p>\n<p>&nbsp;<\/p>\n<p>Zhotoven\u00e1 z jemn\u00e9 francouzsk\u00e9 k\u016f\u017ee. Dopln\u011bn\u00e1 ko\u017een\u00fdm popruhem.<\/p>\n","protected":false},"featured_media":2878,"template":"","meta":{"advanced_seo_description":"","jetpack_seo_html_title":"","jetpack_seo_noindex":false},"product_brand":[],"product_cat":[28],"product_tag":[],"class_list":{"0":"post-2032","1":"product","2":"type-product","3":"status-publish","4":"has-post-thumbnail","6":"product_cat-handbags","8":"first","9":"instock","10":"shipping-taxable","11":"purchasable","12":"product-type-simple"},"jetpack_sharing_enabled":true,"jetpack_likes_enabled":true,"_links":{"self":[{"href":"https:\/\/denisaadolfova.com\/fr\/wp-json\/wp\/v2\/product\/2032","targetHints":{"allow":["GET"]}}],"collection":[{"href":"https:\/\/denisaadolfova.com\/fr\/wp-json\/wp\/v2\/product"}],"about":[{"href":"https:\/\/denisaadolfova.com\/fr\/wp-json\/wp\/v2\/types\/product"}],"wp:featuredmedia":[{"embeddable":true,"href":"https:\/\/denisaadolfova.com\/fr\/wp-json\/wp\/v2\/media\/2878"}],"wp:attachment":[{"href":"https:\/\/denisaadolfova.com\/fr\/wp-json\/wp\/v2\/media?parent=2032"}],"wp:term":[{"taxonomy":"product_brand","embeddable":true,"href":"https:\/\/denisaadolfova.com\/fr\/wp-json\/wp\/v2\/product_brand?post=2032"},{"taxonomy":"product_cat","embeddable":true,"href":"https:\/\/denisaadolfova.com\/fr\/wp-json\/wp\/v2\/product_cat?post=2032"},{"taxonomy":"product_tag","embeddable":true,"href":"https:\/\/denisaadolfova.com\/fr\/wp-json\/wp\/v2\/product_tag?post=2032"}],"curies":[{"name":"wp","href":"https:\/\/api.w.org\/{rel}","templated":true}]}}