{"id":2003,"date":"2023-03-09T13:08:43","date_gmt":"2023-03-09T12:08:43","guid":{"rendered":"https:\/\/denisaadolfova.com\/?post_type=product&#038;p=2003"},"modified":"2023-03-19T15:25:02","modified_gmt":"2023-03-19T14:25:02","slug":"bi-face-butterfly","status":"publish","type":"product","link":"https:\/\/denisaadolfova.com\/fr\/produkt\/bi-face-butterfly\/","title":{"rendered":"Bi-face butterfly"},"content":{"rendered":"","protected":false},"excerpt":{"rendered":"<p>Nov\u00e1 kabelka Bi-face se rod\u00ed s nov\u00fdmi k\u0159\u00eddly mot\u00fdla. Dokonal\u00fd pravo\u00fahl\u00fd tvar se prom\u011b\u0148uje do jemn\u011bj\u0161\u00edch k\u0159ivek, bl\u00ed\u017ee p\u0159\u00edrod\u011b. Poka\u017ed\u00e9, kdy\u017e kabelku otev\u0159ete, jakoby jste se usly\u0161eli \u0161um mot\u00fdl\u00edch k\u0159\u00eddel. Dokonal\u00fd tanec svobody.<\/p>\n<p>22,5\/15\/5,5 cm<\/p>\n","protected":false},"featured_media":2004,"template":"","meta":{"advanced_seo_description":"","jetpack_seo_html_title":"","jetpack_seo_noindex":false},"product_brand":[],"product_cat":[28],"product_tag":[],"class_list":{"0":"post-2003","1":"product","2":"type-product","3":"status-publish","4":"has-post-thumbnail","6":"product_cat-handbags","8":"first","9":"instock","10":"shipping-taxable","11":"purchasable","12":"product-type-simple"},"jetpack_sharing_enabled":true,"jetpack_likes_enabled":true,"_links":{"self":[{"href":"https:\/\/denisaadolfova.com\/fr\/wp-json\/wp\/v2\/product\/2003","targetHints":{"allow":["GET"]}}],"collection":[{"href":"https:\/\/denisaadolfova.com\/fr\/wp-json\/wp\/v2\/product"}],"about":[{"href":"https:\/\/denisaadolfova.com\/fr\/wp-json\/wp\/v2\/types\/product"}],"wp:featuredmedia":[{"embeddable":true,"href":"https:\/\/denisaadolfova.com\/fr\/wp-json\/wp\/v2\/media\/2004"}],"wp:attachment":[{"href":"https:\/\/denisaadolfova.com\/fr\/wp-json\/wp\/v2\/media?parent=2003"}],"wp:term":[{"taxonomy":"product_brand","embeddable":true,"href":"https:\/\/denisaadolfova.com\/fr\/wp-json\/wp\/v2\/product_brand?post=2003"},{"taxonomy":"product_cat","embeddable":true,"href":"https:\/\/denisaadolfova.com\/fr\/wp-json\/wp\/v2\/product_cat?post=2003"},{"taxonomy":"product_tag","embeddable":true,"href":"https:\/\/denisaadolfova.com\/fr\/wp-json\/wp\/v2\/product_tag?post=2003"}],"curies":[{"name":"wp","href":"https:\/\/api.w.org\/{rel}","templated":true}]}}