{"id":1985,"date":"2023-03-09T12:56:28","date_gmt":"2023-03-09T11:56:28","guid":{"rendered":"https:\/\/denisaadolfova.com\/?post_type=product&#038;p=1985"},"modified":"2023-12-17T11:57:34","modified_gmt":"2023-12-17T10:57:34","slug":"basket-infinity","status":"publish","type":"product","link":"https:\/\/denisaadolfova.com\/fr\/produkt\/basket-infinity\/","title":{"rendered":"Basket Infinity"},"content":{"rendered":"","protected":false},"excerpt":{"rendered":"<p>Z prachu diamant<\/p>\n<p>Kabelka Basket Infinity je odrazem v\u016fbec prvn\u00ed kabelky, tedy ko\u0161\u00edku Basket. Vznikla jako zavr\u0161en\u00ed desetilet\u00e9 cesty m\u00f3dn\u00edho dopl\u0148ku a otev\u00edr\u00e1 cestu nekone\u010dn\u00fdm mo\u017enostem.<br \/>\nVznikla z chaosu, mal\u00fdch kous\u00ed\u010dk\u016f k\u016f\u017ee, kter\u00e9 byly d\u00edky nesm\u00edrn\u00e9 touze a p\u00edli prom\u011bn\u011bny v harmonick\u00fd celek. Jednotliv\u011b na sebe navazuj\u00edc\u00ed kruhy vytv\u00e1\u0159ej\u00ed dal\u0161\u00ed obrazce mot\u00fdl\u016f. Z vnit\u0159n\u00edch kruh\u016f je vytvo\u0159en\u00e1 dal\u0161\u00ed men\u0161\u00ed kabelka, ze kter\u00e9 je mo\u017en\u00e9 vytvo\u0159it je\u0161t\u011b jednu micro kabelku. Vznik\u00e1 dokonal\u00e1 symbi\u00f3za celku, kter\u00fd se odd\u011bluji i navrac\u00ed zp\u011bt.<\/p>\n<p>Ko\u0161\u00edk je zhotoven\u00fd ru\u010dn\u00edm stehem. Jehn\u011b\u010d\u00ed barevn\u00e1 k\u016f\u017ee je podlo\u017een\u00e1 p\u0159\u00edrodn\u00ed t\u0159\u00edslovou k\u016f\u017e\u00ed. Pro zhotoven\u00ed kabelky je zapot\u0159eb\u00ed n\u011bkolika dn\u016f.<\/p>\n<p>35\/17\/43 cm<\/p>\n","protected":false},"featured_media":1995,"template":"","meta":{"advanced_seo_description":"","jetpack_seo_html_title":"","jetpack_seo_noindex":false},"product_brand":[],"product_cat":[28],"product_tag":[],"class_list":{"0":"post-1985","1":"product","2":"type-product","3":"status-publish","4":"has-post-thumbnail","6":"product_cat-handbags","8":"first","9":"onbackorder","10":"shipping-taxable","11":"purchasable","12":"product-type-simple"},"jetpack_sharing_enabled":true,"jetpack_likes_enabled":true,"_links":{"self":[{"href":"https:\/\/denisaadolfova.com\/fr\/wp-json\/wp\/v2\/product\/1985","targetHints":{"allow":["GET"]}}],"collection":[{"href":"https:\/\/denisaadolfova.com\/fr\/wp-json\/wp\/v2\/product"}],"about":[{"href":"https:\/\/denisaadolfova.com\/fr\/wp-json\/wp\/v2\/types\/product"}],"wp:featuredmedia":[{"embeddable":true,"href":"https:\/\/denisaadolfova.com\/fr\/wp-json\/wp\/v2\/media\/1995"}],"wp:attachment":[{"href":"https:\/\/denisaadolfova.com\/fr\/wp-json\/wp\/v2\/media?parent=1985"}],"wp:term":[{"taxonomy":"product_brand","embeddable":true,"href":"https:\/\/denisaadolfova.com\/fr\/wp-json\/wp\/v2\/product_brand?post=1985"},{"taxonomy":"product_cat","embeddable":true,"href":"https:\/\/denisaadolfova.com\/fr\/wp-json\/wp\/v2\/product_cat?post=1985"},{"taxonomy":"product_tag","embeddable":true,"href":"https:\/\/denisaadolfova.com\/fr\/wp-json\/wp\/v2\/product_tag?post=1985"}],"curies":[{"name":"wp","href":"https:\/\/api.w.org\/{rel}","templated":true}]}}