{"id":1781,"date":"2022-10-05T11:10:00","date_gmt":"2022-10-05T09:50:19","guid":{"rendered":"https:\/\/denisaadolfova.com\/produkt\/bi-face-siena\/"},"modified":"2025-04-25T17:04:39","modified_gmt":"2025-04-25T15:04:39","slug":"bi-face-siena-2","status":"publish","type":"product","link":"https:\/\/denisaadolfova.com\/fr\/produkt\/bi-face-siena-2\/","title":{"rendered":"Bi-Face Siena"},"content":{"rendered":"<p>&nbsp;<\/p>\n<div class=\"wp-playlist wp-video-playlist wp-playlist-light\">\n\t\t<video controls=\"controls\" preload=\"none\" width=\"938\"\n\t\t height=\"528\"\t><\/video>\n\t<div class=\"wp-playlist-next\"><\/div>\n\t<div class=\"wp-playlist-prev\"><\/div>\n\t<noscript>\n\t<ol>\n\t\t<li><a href='https:\/\/denisaadolfova.com\/wp-content\/uploads\/2023\/03\/Bi-Face-Siena-handbag-making.mp4'>Bi-Face Siena handbag making<\/a><\/li>\t<\/ol>\n\t<\/noscript>\n\t<script type=\"application\/json\" class=\"wp-playlist-script\">{\"type\":\"video\",\"tracklist\":true,\"tracknumbers\":true,\"images\":true,\"artists\":true,\"tracks\":[{\"src\":\"https:\/\/denisaadolfova.com\/wp-content\/uploads\/2023\/03\/Bi-Face-Siena-handbag-making.mp4\",\"type\":\"video\/mp4\",\"title\":\"Bi-Face Siena handbag making\",\"caption\":\"\",\"description\":\"\",\"meta\":{\"length_formatted\":\"0:58\"},\"dimensions\":{\"original\":{\"width\":1280,\"height\":720},\"resized\":{\"width\":938,\"height\":528}},\"image\":{\"src\":\"https:\/\/denisaadolfova.com\/wp-includes\/images\/media\/video.svg\",\"width\":48,\"height\":64},\"thumb\":{\"src\":\"https:\/\/denisaadolfova.com\/wp-includes\/images\/media\/video.svg\",\"width\":48,\"height\":64}}]}<\/script>\n<\/div>\n\t\n","protected":false},"excerpt":{"rendered":"<p>La structure et la plasticit\u00e9 du sac font penser qu\u2019il a \u00e9t\u00e9 fait de la terre de potier qui, en la touchant par sa main, a model\u00e9 les formes arrondies. Le nom lui a \u00e9t\u00e9 donn\u00e9 par la ville italienne de Siena, b\u00e2tie de briques cuites et du marbre. Le soleil les tape dur toute la journ\u00e9e et intensifient leurs couleurs et teintes. La chaleur toutefois perd peu \u00e0 peu de son intensit\u00e9 pour passer en une nuit obscure pleine de merveilles. Le ciel nocturne qui le voile accentue encore sa forme et son aspect parfaits.<\/p>\n<p>Ses faces avers et revers sont identiques, une harmonie parfaite, un ensemble parfait D\u00e9couvrez Bi-face Siena, que ce soit de sa face de jour ou bien de sa face de nuit.<\/p>\n<p>&#8211; 25\/18\/6 cm<\/p>\n<p>&#8211; jehn\u011b\u010d\u00ed k\u016f\u017ee, p\u016fvod Francie<\/p>\n<p>&#8211; pod\u0161\u00edvka ko\u017een\u00e1<\/p>\n<p>-odn\u00edmateln\u00fd ko\u017een\u00fd popruh se st\u0159\u00edbrnou sponou pro p\u0159izp\u016fsoben\u00ed d\u00e9lky popruhu<\/p>\n<p>-vyrobeno tradi\u010dn\u00edm \u0159emesln\u00fdm zp\u016fsobem v ateli\u00e9ru DA v Praze<\/p>\n<p>-mo\u017enost personalizace barev a materi\u00e1lu<\/p>\n<p>&nbsp;<\/p>\n<p>&nbsp;<\/p>\n","protected":false},"featured_media":1758,"template":"","meta":{"advanced_seo_description":"","jetpack_seo_html_title":"","jetpack_seo_noindex":false},"product_brand":[],"product_cat":[35],"product_tag":[],"class_list":{"0":"post-1781","1":"product","2":"type-product","3":"status-publish","4":"has-post-thumbnail","6":"product_cat-handbags-fr","8":"first","9":"onbackorder","10":"shipping-taxable","11":"purchasable","12":"product-type-simple"},"jetpack_sharing_enabled":true,"jetpack_likes_enabled":true,"_links":{"self":[{"href":"https:\/\/denisaadolfova.com\/fr\/wp-json\/wp\/v2\/product\/1781","targetHints":{"allow":["GET"]}}],"collection":[{"href":"https:\/\/denisaadolfova.com\/fr\/wp-json\/wp\/v2\/product"}],"about":[{"href":"https:\/\/denisaadolfova.com\/fr\/wp-json\/wp\/v2\/types\/product"}],"wp:featuredmedia":[{"embeddable":true,"href":"https:\/\/denisaadolfova.com\/fr\/wp-json\/wp\/v2\/media\/1758"}],"wp:attachment":[{"href":"https:\/\/denisaadolfova.com\/fr\/wp-json\/wp\/v2\/media?parent=1781"}],"wp:term":[{"taxonomy":"product_brand","embeddable":true,"href":"https:\/\/denisaadolfova.com\/fr\/wp-json\/wp\/v2\/product_brand?post=1781"},{"taxonomy":"product_cat","embeddable":true,"href":"https:\/\/denisaadolfova.com\/fr\/wp-json\/wp\/v2\/product_cat?post=1781"},{"taxonomy":"product_tag","embeddable":true,"href":"https:\/\/denisaadolfova.com\/fr\/wp-json\/wp\/v2\/product_tag?post=1781"}],"curies":[{"name":"wp","href":"https:\/\/api.w.org\/{rel}","templated":true}]}}