{"id":1582,"date":"2021-10-07T20:52:23","date_gmt":"2021-10-10T11:21:46","guid":{"rendered":"https:\/\/denisaadolfova.com\/produkt\/time-square\/"},"modified":"2021-10-10T13:21:46","modified_gmt":"2021-10-10T11:21:46","slug":"time-square-2","status":"publish","type":"product","link":"https:\/\/denisaadolfova.com\/fr\/produkt\/time-square-2\/","title":{"rendered":"Time Square"},"content":{"rendered":"<p><img loading=\"lazy\" decoding=\"async\" data-attachment-id=\"1206\" data-permalink=\"https:\/\/denisaadolfova.com\/fr\/haute-couture-maroquinerie\/5466tiskwebsize-2\/\" data-orig-file=\"https:\/\/denisaadolfova.com\/wp-content\/uploads\/2021\/10\/5466tiskwebsize.jpg\" data-orig-size=\"1405,2000\" data-comments-opened=\"0\" data-image-meta=\"{&quot;aperture&quot;:&quot;3.5&quot;,&quot;credit&quot;:&quot;WWW.NEUZILOVA.COM&quot;,&quot;camera&quot;:&quot;NIKON D810&quot;,&quot;caption&quot;:&quot;&quot;,&quot;created_timestamp&quot;:&quot;1622722608&quot;,&quot;copyright&quot;:&quot;WWW.NEUZILOVA.COM&quot;,&quot;focal_length&quot;:&quot;85&quot;,&quot;iso&quot;:&quot;80&quot;,&quot;shutter_speed&quot;:&quot;0.008&quot;,&quot;title&quot;:&quot;&quot;,&quot;orientation&quot;:&quot;0&quot;}\" data-image-title=\"5466tiskwebsize\" data-image-description=\"\" data-image-caption=\"\" data-large-file=\"https:\/\/denisaadolfova.com\/wp-content\/uploads\/2021\/10\/5466tiskwebsize-719x1024.jpg\" class=\"size-large wp-image-1206 aligncenter\" src=\"https:\/\/denisaadolfova.com\/wp-content\/uploads\/2021\/10\/5466tiskwebsize-719x1024.jpg\" alt=\"\" width=\"719\" height=\"1024\" srcset=\"https:\/\/denisaadolfova.com\/wp-content\/uploads\/2021\/10\/5466tiskwebsize-719x1024.jpg 719w, https:\/\/denisaadolfova.com\/wp-content\/uploads\/2021\/10\/5466tiskwebsize-600x854.jpg 600w, https:\/\/denisaadolfova.com\/wp-content\/uploads\/2021\/10\/5466tiskwebsize-211x300.jpg 211w, https:\/\/denisaadolfova.com\/wp-content\/uploads\/2021\/10\/5466tiskwebsize-768x1093.jpg 768w, https:\/\/denisaadolfova.com\/wp-content\/uploads\/2021\/10\/5466tiskwebsize-1079x1536.jpg 1079w, https:\/\/denisaadolfova.com\/wp-content\/uploads\/2021\/10\/5466tiskwebsize-1140x1623.jpg 1140w, https:\/\/denisaadolfova.com\/wp-content\/uploads\/2021\/10\/5466tiskwebsize.jpg 1405w\" sizes=\"auto, (max-width: 719px) 100vw, 719px\" \/><\/p>\n","protected":false},"excerpt":{"rendered":"<p>Le sac Time Square se compose de trois dimensions qui symbolisent trois \u00e9tapes de la vie : l\u2019initiation, l\u2019accomplissement, la sagesse. Le sac Time Square restera \u00e0 vos c\u00f4t\u00e9s contre vents et mar\u00e9es. Chaque fois, pour exprimer votre personnalit\u00e9 et porter votre vrai moi.<\/p>\n","protected":false},"featured_media":1506,"template":"","meta":{"advanced_seo_description":"","jetpack_seo_html_title":"","jetpack_seo_noindex":false},"product_brand":[],"product_cat":[35],"product_tag":[],"class_list":{"0":"post-1582","1":"product","2":"type-product","3":"status-publish","4":"has-post-thumbnail","6":"product_cat-handbags-fr","8":"first","9":"onbackorder","10":"shipping-taxable","11":"purchasable","12":"product-type-simple"},"jetpack_sharing_enabled":true,"jetpack_likes_enabled":true,"_links":{"self":[{"href":"https:\/\/denisaadolfova.com\/fr\/wp-json\/wp\/v2\/product\/1582","targetHints":{"allow":["GET"]}}],"collection":[{"href":"https:\/\/denisaadolfova.com\/fr\/wp-json\/wp\/v2\/product"}],"about":[{"href":"https:\/\/denisaadolfova.com\/fr\/wp-json\/wp\/v2\/types\/product"}],"wp:featuredmedia":[{"embeddable":true,"href":"https:\/\/denisaadolfova.com\/fr\/wp-json\/wp\/v2\/media\/1506"}],"wp:attachment":[{"href":"https:\/\/denisaadolfova.com\/fr\/wp-json\/wp\/v2\/media?parent=1582"}],"wp:term":[{"taxonomy":"product_brand","embeddable":true,"href":"https:\/\/denisaadolfova.com\/fr\/wp-json\/wp\/v2\/product_brand?post=1582"},{"taxonomy":"product_cat","embeddable":true,"href":"https:\/\/denisaadolfova.com\/fr\/wp-json\/wp\/v2\/product_cat?post=1582"},{"taxonomy":"product_tag","embeddable":true,"href":"https:\/\/denisaadolfova.com\/fr\/wp-json\/wp\/v2\/product_tag?post=1582"}],"curies":[{"name":"wp","href":"https:\/\/api.w.org\/{rel}","templated":true}]}}