{"id":1581,"date":"2021-10-07T21:08:00","date_gmt":"2021-10-10T11:21:46","guid":{"rendered":"https:\/\/denisaadolfova.com\/produkt\/nomade-square\/"},"modified":"2021-10-10T13:21:46","modified_gmt":"2021-10-10T11:21:46","slug":"nomade-square-2","status":"publish","type":"product","link":"https:\/\/denisaadolfova.com\/fr\/produkt\/nomade-square-2\/","title":{"rendered":"Nomade Square"},"content":{"rendered":"<h1 style=\"text-align: center;\"><span style=\"font-size: 24pt; font-family: 'Nunito Sans';\"><strong>Voyager \u00e0 travers la vie<\/strong><\/span><\/h1>\n<p style=\"text-align: center;\"><img loading=\"lazy\" decoding=\"async\" data-attachment-id=\"1209\" data-permalink=\"https:\/\/denisaadolfova.com\/fr\/haute-couture-maroquinerie\/5809tiskwebsize-2\/\" data-orig-file=\"https:\/\/denisaadolfova.com\/wp-content\/uploads\/2021\/10\/5809tiskwebsize.jpg\" data-orig-size=\"1404,2000\" data-comments-opened=\"0\" data-image-meta=\"{&quot;aperture&quot;:&quot;3.5&quot;,&quot;credit&quot;:&quot;WWW.NEUZILOVA.COM&quot;,&quot;camera&quot;:&quot;NIKON D810&quot;,&quot;caption&quot;:&quot;&quot;,&quot;created_timestamp&quot;:&quot;1622730052&quot;,&quot;copyright&quot;:&quot;WWW.NEUZILOVA.COM&quot;,&quot;focal_length&quot;:&quot;85&quot;,&quot;iso&quot;:&quot;64&quot;,&quot;shutter_speed&quot;:&quot;0.008&quot;,&quot;title&quot;:&quot;&quot;,&quot;orientation&quot;:&quot;0&quot;}\" data-image-title=\"5809tiskwebsize\" data-image-description=\"\" data-image-caption=\"\" data-large-file=\"https:\/\/denisaadolfova.com\/wp-content\/uploads\/2021\/10\/5809tiskwebsize-719x1024.jpg\" class=\"aligncenter wp-image-1209 size-large\" src=\"https:\/\/denisaadolfova.com\/wp-content\/uploads\/2021\/10\/5809tiskwebsize-719x1024.jpg\" alt=\"\" width=\"719\" height=\"1024\" srcset=\"https:\/\/denisaadolfova.com\/wp-content\/uploads\/2021\/10\/5809tiskwebsize-719x1024.jpg 719w, https:\/\/denisaadolfova.com\/wp-content\/uploads\/2021\/10\/5809tiskwebsize-600x855.jpg 600w, https:\/\/denisaadolfova.com\/wp-content\/uploads\/2021\/10\/5809tiskwebsize-211x300.jpg 211w, https:\/\/denisaadolfova.com\/wp-content\/uploads\/2021\/10\/5809tiskwebsize-768x1094.jpg 768w, https:\/\/denisaadolfova.com\/wp-content\/uploads\/2021\/10\/5809tiskwebsize-1078x1536.jpg 1078w, https:\/\/denisaadolfova.com\/wp-content\/uploads\/2021\/10\/5809tiskwebsize-1140x1624.jpg 1140w, https:\/\/denisaadolfova.com\/wp-content\/uploads\/2021\/10\/5809tiskwebsize.jpg 1404w\" sizes=\"auto, (max-width: 719px) 100vw, 719px\" \/><\/p>\n","protected":false},"excerpt":{"rendered":"<p>Les carr\u00e9s concentr\u00e9s repr\u00e9sentent des portes imaginaires, que nous franchissons \u00e0 diff\u00e9rentes \u00e9tapes de la vie. Chaque porte est un d\u00e9fi, chacune d\u2019elles ouvre sur des possibilit\u00e9s diff\u00e9rentes. D&rsquo;un carr\u00e9 \u00e0 l&rsquo;autre, nous \u00e9voluons. Le sac Nomad Square accompagne le voyageur paisible et heureux. Pour tous ceux qui partent pour un long voyage avec leurs possibilit\u00e9s.<\/p>\n","protected":false},"featured_media":1512,"template":"","meta":{"advanced_seo_description":"","jetpack_seo_html_title":"","jetpack_seo_noindex":false},"product_brand":[],"product_cat":[35],"product_tag":[],"class_list":{"0":"post-1581","1":"product","2":"type-product","3":"status-publish","4":"has-post-thumbnail","6":"product_cat-handbags-fr","8":"first","9":"onbackorder","10":"shipping-taxable","11":"purchasable","12":"product-type-simple"},"jetpack_sharing_enabled":true,"jetpack_likes_enabled":true,"_links":{"self":[{"href":"https:\/\/denisaadolfova.com\/fr\/wp-json\/wp\/v2\/product\/1581","targetHints":{"allow":["GET"]}}],"collection":[{"href":"https:\/\/denisaadolfova.com\/fr\/wp-json\/wp\/v2\/product"}],"about":[{"href":"https:\/\/denisaadolfova.com\/fr\/wp-json\/wp\/v2\/types\/product"}],"wp:featuredmedia":[{"embeddable":true,"href":"https:\/\/denisaadolfova.com\/fr\/wp-json\/wp\/v2\/media\/1512"}],"wp:attachment":[{"href":"https:\/\/denisaadolfova.com\/fr\/wp-json\/wp\/v2\/media?parent=1581"}],"wp:term":[{"taxonomy":"product_brand","embeddable":true,"href":"https:\/\/denisaadolfova.com\/fr\/wp-json\/wp\/v2\/product_brand?post=1581"},{"taxonomy":"product_cat","embeddable":true,"href":"https:\/\/denisaadolfova.com\/fr\/wp-json\/wp\/v2\/product_cat?post=1581"},{"taxonomy":"product_tag","embeddable":true,"href":"https:\/\/denisaadolfova.com\/fr\/wp-json\/wp\/v2\/product_tag?post=1581"}],"curies":[{"name":"wp","href":"https:\/\/api.w.org\/{rel}","templated":true}]}}