{"id":1580,"date":"2021-10-07T21:36:09","date_gmt":"2021-10-10T11:15:18","guid":{"rendered":"https:\/\/denisaadolfova.com\/produkt\/volterra\/"},"modified":"2021-10-10T13:16:14","modified_gmt":"2021-10-10T11:16:14","slug":"volterra","status":"publish","type":"product","link":"https:\/\/denisaadolfova.com\/fr\/produkt\/volterra\/","title":{"rendered":"Volterra"},"content":{"rendered":"","protected":false},"excerpt":{"rendered":"<p>\u00c0 travers des portes inconnues, qu\u2019on traverse seul. Lorsque vous arrivez \u00e0 la ville d&rsquo;alb\u00e2tre de Volterra &#8211; un pays volant. \u00c9lancez-vous, l\u00e0-haut, vous vous envolerez. Qui aime l\u2019ondoiement de la mer (eau), le souffle chaud du d\u00e9sert du Sahara (feu), adorera Volterra (air). Pour ceux qui aiment l&rsquo;espace illimit\u00e9.<\/p>\n","protected":false},"featured_media":1463,"template":"","meta":{"advanced_seo_description":"","jetpack_seo_html_title":"","jetpack_seo_noindex":false},"product_brand":[],"product_cat":[35],"product_tag":[],"class_list":{"0":"post-1580","1":"product","2":"type-product","3":"status-publish","4":"has-post-thumbnail","6":"product_cat-handbags-fr","8":"first","9":"onbackorder","10":"shipping-taxable","11":"purchasable","12":"product-type-simple"},"jetpack_sharing_enabled":true,"jetpack_likes_enabled":true,"_links":{"self":[{"href":"https:\/\/denisaadolfova.com\/fr\/wp-json\/wp\/v2\/product\/1580","targetHints":{"allow":["GET"]}}],"collection":[{"href":"https:\/\/denisaadolfova.com\/fr\/wp-json\/wp\/v2\/product"}],"about":[{"href":"https:\/\/denisaadolfova.com\/fr\/wp-json\/wp\/v2\/types\/product"}],"wp:featuredmedia":[{"embeddable":true,"href":"https:\/\/denisaadolfova.com\/fr\/wp-json\/wp\/v2\/media\/1463"}],"wp:attachment":[{"href":"https:\/\/denisaadolfova.com\/fr\/wp-json\/wp\/v2\/media?parent=1580"}],"wp:term":[{"taxonomy":"product_brand","embeddable":true,"href":"https:\/\/denisaadolfova.com\/fr\/wp-json\/wp\/v2\/product_brand?post=1580"},{"taxonomy":"product_cat","embeddable":true,"href":"https:\/\/denisaadolfova.com\/fr\/wp-json\/wp\/v2\/product_cat?post=1580"},{"taxonomy":"product_tag","embeddable":true,"href":"https:\/\/denisaadolfova.com\/fr\/wp-json\/wp\/v2\/product_tag?post=1580"}],"curies":[{"name":"wp","href":"https:\/\/api.w.org\/{rel}","templated":true}]}}