{"id":830,"date":"2021-04-06T15:42:53","date_gmt":"2021-04-06T13:42:53","guid":{"rendered":"https:\/\/denisaadolfova.com\/?page_id=830"},"modified":"2021-05-14T14:16:07","modified_gmt":"2021-05-14T12:16:07","slug":"atelier","status":"publish","type":"page","link":"https:\/\/denisaadolfova.com\/fr\/atelier\/","title":{"rendered":"Ateli\u00e9r"},"content":{"rendered":"\n<hr class=\"wp-block-separator\"\/>\n\n<div class=\"wp-block-columns is-layout-flex wp-container-core-columns-is-layout-9d6595d7 wp-block-columns-is-layout-flex\">\n<div class=\"wp-block-column is-layout-flow wp-block-column-is-layout-flow\">\n<figure class=\"wp-block-image size-large\"><img loading=\"lazy\" decoding=\"async\" width=\"650\" height=\"433\" src=\"https:\/\/denisaadolfova.com\/wp-content\/uploads\/2021\/03\/ate_01-e1614949057760.jpg\" alt=\"\" class=\"wp-image-360\" srcset=\"https:\/\/denisaadolfova.com\/wp-content\/uploads\/2021\/03\/ate_01-e1614949057760.jpg 650w, https:\/\/denisaadolfova.com\/wp-content\/uploads\/2021\/03\/ate_01-e1614949057760-600x400.jpg 600w\" sizes=\"auto, (max-width: 650px) 100vw, 650px\" \/><\/figure>\n<\/div>\n\n\n\n<div class=\"wp-block-column is-layout-flow wp-block-column-is-layout-flow\">\n<h2 class=\"wp-block-heading\">De DA \u00e0 Z, c&rsquo;est notre force!<\/h2>\n\n\n\n<p>Faire les erreurs dans ce domain coute ch\u00e8re et la responsabilit\u00e9 commence par la selection de la mati\u00e8re. C\u2019est pourquoi je pr\u00e9f\u00e8re choisir les peaux moi m\u00eame dans les salons internationaux \u00e0 l\u2019\u00e9trangere ou je suis au courante pour les nouveaux tendances et Je peux faire la connaissance avec les repr\u00e9sentants des tanneries. Particuli\u00e8rement Je faite attention pour la selection des peaux exotic, ou la qualit\u00e9 et la philosophy des\u00a0tanneries sont essentiel.&#13;\n&#13;\nLe travail avec ces exclusives mat\u00e9riaux est le travail de vrai artist&#13;\net il faut avoir une patient absolu pour ma\u00eetrise ce m\u00e9tier.<\/p>\n\n\n\n<p>Le travail avec ces exclusives mat\u00e9riaux est le travail de vrai artist &#13;\net il faut avoir une patient absolu pour ma\u00eetrise ce m\u00e9tier<\/p>\n<\/div>\n<\/div>\n\n<div class=\"wp-block-columns is-layout-flex wp-container-core-columns-is-layout-9d6595d7 wp-block-columns-is-layout-flex\">\n<div class=\"wp-block-column is-layout-flow wp-block-column-is-layout-flow\">\n<figure class=\"wp-block-image size-large\"><img loading=\"lazy\" decoding=\"async\" width=\"650\" height=\"433\" data-attachment-id=\"833\" data-permalink=\"https:\/\/denisaadolfova.com\/fr\/atelier\/ate_02\/\" data-orig-file=\"https:\/\/denisaadolfova.com\/wp-content\/uploads\/2021\/03\/ate_02.jpg\" data-orig-size=\"650,433\" data-comments-opened=\"1\" data-image-meta=\"{&quot;aperture&quot;:&quot;1.8&quot;,&quot;credit&quot;:&quot;&quot;,&quot;camera&quot;:&quot;NIKON D810&quot;,&quot;caption&quot;:&quot;&quot;,&quot;created_timestamp&quot;:&quot;1393103328&quot;,&quot;copyright&quot;:&quot;&quot;,&quot;focal_length&quot;:&quot;85&quot;,&quot;iso&quot;:&quot;160&quot;,&quot;shutter_speed&quot;:&quot;0.02&quot;,&quot;title&quot;:&quot;&quot;,&quot;orientation&quot;:&quot;1&quot;}\" data-image-title=\"ate_02\" data-image-description=\"\" data-image-caption=\"\" data-large-file=\"https:\/\/denisaadolfova.com\/wp-content\/uploads\/2021\/03\/ate_02.jpg\" src=\"https:\/\/denisaadolfova.com\/wp-content\/uploads\/2021\/03\/ate_02.jpg\" alt=\"\" class=\"wp-image-833\" srcset=\"https:\/\/denisaadolfova.com\/wp-content\/uploads\/2021\/03\/ate_02.jpg 650w, https:\/\/denisaadolfova.com\/wp-content\/uploads\/2021\/03\/ate_02-600x400.jpg 600w, https:\/\/denisaadolfova.com\/wp-content\/uploads\/2021\/03\/ate_02-300x200.jpg 300w\" sizes=\"auto, (max-width: 650px) 100vw, 650px\" \/><\/figure>\n<\/div>\n\n\n\n<div class=\"wp-block-column is-layout-flow wp-block-column-is-layout-flow\">\n<h2 class=\"wp-block-heading\">Coupe<\/h2>\n\n\n\n<p>Avant de la coupe il faut faire l\u2019analyse de chaque peaux.&#13;\nJe dois d\u00e9termin\u00e9 les d\u00e9faut naturels, ce que est normal,&#13;\net d\u00e9faut m\u00e9canique.&#13;\n\u00c0 travers le cuir seulement \u00e1 l\u2019oeil et la touche on peut reconstruit l\u2019histoire d\u2019un animal comment et ou il a v\u00e9cu. Il est n\u00e9cessaire de placer les mod\u00e8les sans le d\u00e9faut en respectent le sens du cuir en m\u00eame temp valoris\u00e9 la plus belle parties de peaux.<\/p>\n<\/div>\n<\/div>\n\n<div class=\"wp-block-columns is-layout-flex wp-container-core-columns-is-layout-9d6595d7 wp-block-columns-is-layout-flex\">\n<div class=\"wp-block-column is-layout-flow wp-block-column-is-layout-flow\">\n<figure class=\"wp-block-image size-large\"><img loading=\"lazy\" decoding=\"async\" width=\"650\" height=\"650\" data-attachment-id=\"834\" data-permalink=\"https:\/\/denisaadolfova.com\/fr\/atelier\/ate_03\/\" data-orig-file=\"https:\/\/denisaadolfova.com\/wp-content\/uploads\/2021\/03\/ate_03.jpg\" data-orig-size=\"650,650\" data-comments-opened=\"1\" data-image-meta=\"{&quot;aperture&quot;:&quot;2&quot;,&quot;credit&quot;:&quot;&quot;,&quot;camera&quot;:&quot;NIKON D810&quot;,&quot;caption&quot;:&quot;&quot;,&quot;created_timestamp&quot;:&quot;1393106553&quot;,&quot;copyright&quot;:&quot;&quot;,&quot;focal_length&quot;:&quot;50&quot;,&quot;iso&quot;:&quot;250&quot;,&quot;shutter_speed&quot;:&quot;0.01&quot;,&quot;title&quot;:&quot;&quot;,&quot;orientation&quot;:&quot;1&quot;}\" data-image-title=\"ate_03\" data-image-description=\"\" data-image-caption=\"\" data-large-file=\"https:\/\/denisaadolfova.com\/wp-content\/uploads\/2021\/03\/ate_03.jpg\" src=\"https:\/\/denisaadolfova.com\/wp-content\/uploads\/2021\/03\/ate_03.jpg\" alt=\"\" class=\"wp-image-834\" srcset=\"https:\/\/denisaadolfova.com\/wp-content\/uploads\/2021\/03\/ate_03.jpg 650w, https:\/\/denisaadolfova.com\/wp-content\/uploads\/2021\/03\/ate_03-300x300.jpg 300w, https:\/\/denisaadolfova.com\/wp-content\/uploads\/2021\/03\/ate_03-100x100.jpg 100w, https:\/\/denisaadolfova.com\/wp-content\/uploads\/2021\/03\/ate_03-600x600.jpg 600w, https:\/\/denisaadolfova.com\/wp-content\/uploads\/2021\/03\/ate_03-150x150.jpg 150w, https:\/\/denisaadolfova.com\/wp-content\/uploads\/2021\/03\/ate_03-75x75.jpg 75w\" sizes=\"auto, (max-width: 650px) 100vw, 650px\" \/><\/figure>\n<\/div>\n\n\n\n<div class=\"wp-block-column is-layout-flow wp-block-column-is-layout-flow\">\n<h2 class=\"wp-block-heading\">Pr\u00e9paration<\/h2>\n\n\n\n<p><div id=\"ateliersf1\">Quand toute les pieces sont d\u00e9coup\u00e9 il faut les amincir dans toute la\u00a0surface sur une machine \u2018refendeusse\u2019. Pendent ce travail le cuir se\u00a0pourrais d\u00e9former il faut alors faire la 2\u00e9me d\u00e9coupe avec un gabarit ou\u00a0emporte piece.<\/div>&#13;\n<div id=\"mezery\"><\/div>&#13;\n<div id=\"ateliersf2\"><\/div><\/p>\n\n\n\n<p>Apr\u00e8s la refente les pi\u00e8ces sont pr\u00e9parer pour parer les bords. Il se passe autre process important. On pourrais dire que c\u2019est une alchimie, c\u2019est un\u00a0jeu pour trouver une formule pour l&rsquo;\u00e9paisseur et largeur id\u00e9al de chaque pi\u00e8ce mais aussi du r\u00e9sulta final. C\u2019est maintenait il se decide si vous aboutirai la finesse tant d\u00e9sir\u00e9e.<\/p>\n<\/div>\n<\/div>\n\n<div class=\"wp-block-columns is-layout-flex wp-container-core-columns-is-layout-9d6595d7 wp-block-columns-is-layout-flex\">\n<div class=\"wp-block-column is-layout-flow wp-block-column-is-layout-flow\">\n<figure class=\"wp-block-image size-large\"><img loading=\"lazy\" decoding=\"async\" width=\"650\" height=\"433\" data-attachment-id=\"835\" data-permalink=\"https:\/\/denisaadolfova.com\/fr\/atelier\/ate_04\/\" data-orig-file=\"https:\/\/denisaadolfova.com\/wp-content\/uploads\/2021\/03\/ate_04.jpg\" data-orig-size=\"650,433\" data-comments-opened=\"1\" data-image-meta=\"{&quot;aperture&quot;:&quot;1.8&quot;,&quot;credit&quot;:&quot;&quot;,&quot;camera&quot;:&quot;NIKON D810&quot;,&quot;caption&quot;:&quot;&quot;,&quot;created_timestamp&quot;:&quot;1393103328&quot;,&quot;copyright&quot;:&quot;&quot;,&quot;focal_length&quot;:&quot;85&quot;,&quot;iso&quot;:&quot;160&quot;,&quot;shutter_speed&quot;:&quot;0.02&quot;,&quot;title&quot;:&quot;&quot;,&quot;orientation&quot;:&quot;1&quot;}\" data-image-title=\"ate_04\" data-image-description=\"\" data-image-caption=\"\" data-large-file=\"https:\/\/denisaadolfova.com\/wp-content\/uploads\/2021\/03\/ate_04.jpg\" src=\"https:\/\/denisaadolfova.com\/wp-content\/uploads\/2021\/03\/ate_04.jpg\" alt=\"\" class=\"wp-image-835\" srcset=\"https:\/\/denisaadolfova.com\/wp-content\/uploads\/2021\/03\/ate_04.jpg 650w, https:\/\/denisaadolfova.com\/wp-content\/uploads\/2021\/03\/ate_04-600x400.jpg 600w, https:\/\/denisaadolfova.com\/wp-content\/uploads\/2021\/03\/ate_04-300x200.jpg 300w\" sizes=\"auto, (max-width: 650px) 100vw, 650px\" \/><\/figure>\n<\/div>\n\n\n\n<div class=\"wp-block-column is-layout-flow wp-block-column-is-layout-flow\">\n<h2 class=\"has-text-align-left wp-block-heading\">Montage<\/h2>\n\n\n\n<p class=\"has-text-align-left\">Les pi\u00e8ces soigneusement pr\u00e9par\u00e9 sont le cl\u00e9s du success de chaque montage de sac \u00e0 mains. Les pi\u00e8ces circules entre la machine et le travail manuelle. Pendent une m\u00e9lodie des marteaux frappent et les mains exp\u00e9riment\u00e9s se cr\u00e9e un object que vas attirer beaucoup d\u2019attention.&#13;\nOn pourrais dire que le montage c\u2019est un travail sculptural, le cuir est une mati\u00e8re organique qui ne permette pas de travailler comme avec un\u00a0carton. C\u2019 est une terre qui demande \u00eatre transformer en ouvre d\u2019art&#13;\nkter\u00fd bude vzbuzovat mnoho pozornosti.<\/p>\n\n\n\n<p class=\"has-text-align-left\">On pourrais dire que le montage c\u2019est un travail sculptural, le cuir est une mati\u00e8re organique qui ne permette pas de travailler comme avec un\u00a0carton. C\u2019 est une terre qui demande \u00eatre transformer en ouvre d\u2019art.<\/p>\n<\/div>\n<\/div>\n\n<div class=\"wp-block-columns is-layout-flex wp-container-core-columns-is-layout-9d6595d7 wp-block-columns-is-layout-flex\">\n<div class=\"wp-block-column is-layout-flow wp-block-column-is-layout-flow\">\n<figure class=\"wp-block-image size-large\"><img decoding=\"async\" src=\"https:\/\/denisaadolfova.com\/wp-content\/uploads\/2021\/03\/thumb_IMG_0402_1024-1.jpg\" alt=\"\" class=\"wp-image-479\"\/><\/figure>\n<\/div>\n\n\n\n<div class=\"wp-block-column is-layout-flow wp-block-column-is-layout-flow\">\n<h2 class=\"has-text-align-left wp-block-heading\">Piq\u00fbre<\/h2>\n\n\n\n<p class=\"has-text-align-left\"><div id=\"ateliersf2\">La piq\u00fbre est la plus difficile op\u00e9ration pour moi.&#13;\nIl suffit que une piq\u00fbre saute et il faut commencer au debut.&#13;\nJe termine la piqure \u00e0 la mains se qui apportent un cachet traditionel.<\/div><\/p>\n<\/div>\n<\/div>\n\n<div class=\"wp-block-columns is-layout-flex wp-container-core-columns-is-layout-9d6595d7 wp-block-columns-is-layout-flex\">\n<div class=\"wp-block-column is-layout-flow wp-block-column-is-layout-flow\">\n<figure class=\"wp-block-image size-large\"><img loading=\"lazy\" decoding=\"async\" width=\"650\" height=\"433\" data-attachment-id=\"836\" data-permalink=\"https:\/\/denisaadolfova.com\/fr\/atelier\/ate_06\/\" data-orig-file=\"https:\/\/denisaadolfova.com\/wp-content\/uploads\/2021\/03\/ate_06.jpg\" data-orig-size=\"650,433\" data-comments-opened=\"1\" data-image-meta=\"{&quot;aperture&quot;:&quot;1.8&quot;,&quot;credit&quot;:&quot;&quot;,&quot;camera&quot;:&quot;NIKON D810&quot;,&quot;caption&quot;:&quot;&quot;,&quot;created_timestamp&quot;:&quot;1393103328&quot;,&quot;copyright&quot;:&quot;&quot;,&quot;focal_length&quot;:&quot;85&quot;,&quot;iso&quot;:&quot;160&quot;,&quot;shutter_speed&quot;:&quot;0.02&quot;,&quot;title&quot;:&quot;&quot;,&quot;orientation&quot;:&quot;1&quot;}\" data-image-title=\"ate_06\" data-image-description=\"\" data-image-caption=\"\" data-large-file=\"https:\/\/denisaadolfova.com\/wp-content\/uploads\/2021\/03\/ate_06.jpg\" src=\"https:\/\/denisaadolfova.com\/wp-content\/uploads\/2021\/03\/ate_06.jpg\" alt=\"\" class=\"wp-image-836\" srcset=\"https:\/\/denisaadolfova.com\/wp-content\/uploads\/2021\/03\/ate_06.jpg 650w, https:\/\/denisaadolfova.com\/wp-content\/uploads\/2021\/03\/ate_06-600x400.jpg 600w, https:\/\/denisaadolfova.com\/wp-content\/uploads\/2021\/03\/ate_06-300x200.jpg 300w\" sizes=\"auto, (max-width: 650px) 100vw, 650px\" \/><\/figure>\n<\/div>\n\n\n\n<div class=\"wp-block-column is-layout-flow wp-block-column-is-layout-flow\">\n<h2 class=\"has-text-align-left wp-block-heading\">Finition<\/h2>\n\n\n\n<p class=\"has-text-align-left\">Les derni\u00e8res finitions sont une op\u00e9rations d\u00e9licates et soign\u00e9e demandent des grandes exp\u00e9riences. Pour une finition coup\u00e9 net- je br\u00fble le bord avec une petite spatule, ensuite je le ponce avec du papier de\u00a0verre tr\u00e8s fin, quand le tranche est assez lisse je peut appliquer la\u00a0premi\u00e8re couche de peinture. Je la plaque avec une palette chaude et\u00a0ensuite je met la 2\u00e9me couche de tenture. Je fait ce operation jusqu\u2019a le r\u00e9sultat est id\u00e9al. A la fin je applique une fine couche de cire d\u2019 abeille. Il y a au moins de dix operation diff\u00e9rentes pour obtenir la finition coup\u00e9 net.<\/p>\n<\/div>\n<\/div>\n","protected":false},"excerpt":{"rendered":"<p>De DA \u00e0 Z, c&rsquo;est notre force! Faire les erreurs dans ce domain coute ch\u00e8re et la responsabilit\u00e9 commence par la selection de la mati\u00e8re. C\u2019est pourquoi je pr\u00e9f\u00e8re choisir les peaux moi m\u00eame dans les salons internationaux \u00e0 l\u2019\u00e9trangere ou je suis au courante pour les nouveaux tendances et Je peux faire la connaissance avec les repr\u00e9sentants des tanneries. Particuli\u00e8rement Je faite attention pour la selection des peaux exotic, ou la qualit\u00e9 et la philosophy des\u00a0tanneries sont essentiel.&#13; &#13; Le travail avec ces exclusives mat\u00e9riaux est le travail de vrai artist&#13; et il faut avoir une patient absolu pour ma\u00eetrise ce m\u00e9tier. Le travail avec ces exclusives mat\u00e9riaux est le travail de vrai artist &#13; et il faut avoir une patient absolu pour ma\u00eetrise ce m\u00e9tier Coupe Avant de la coupe il faut faire l\u2019analyse de chaque peaux.&#13; Je dois d\u00e9termin\u00e9 les d\u00e9faut naturels, ce que est normal,&#13; et d\u00e9faut m\u00e9canique.&#13; \u00c0 travers le cuir seulement \u00e1 l\u2019oeil et la touche on peut reconstruit l\u2019histoire d\u2019un animal comment et ou il a v\u00e9cu. Il est n\u00e9cessaire de placer les mod\u00e8les sans le d\u00e9faut en respectent le sens du cuir en m\u00eame temp valoris\u00e9 la plus belle parties de peaux. Pr\u00e9paration Quand toute les pieces sont d\u00e9coup\u00e9 il faut les amincir dans toute la\u00a0surface sur une machine \u2018refendeusse\u2019. Pendent ce travail le cuir se\u00a0pourrais d\u00e9former il faut alors faire la 2\u00e9me d\u00e9coupe avec un gabarit ou\u00a0emporte piece. &#13; &#13; Apr\u00e8s la refente les pi\u00e8ces sont pr\u00e9parer pour parer les bords. Il se passe autre process important. On pourrais dire que c\u2019est une alchimie, c\u2019est un\u00a0jeu pour trouver une formule pour l&rsquo;\u00e9paisseur et largeur id\u00e9al de chaque pi\u00e8ce mais aussi du r\u00e9sulta final. C\u2019est maintenait il se decide si vous aboutirai la finesse tant d\u00e9sir\u00e9e. Montage Les pi\u00e8ces soigneusement pr\u00e9par\u00e9 sont le cl\u00e9s du success de chaque montage de sac \u00e0 mains. Les pi\u00e8ces circules entre la machine et le travail manuelle. Pendent une m\u00e9lodie des marteaux frappent et les mains exp\u00e9riment\u00e9s se cr\u00e9e un object que vas attirer beaucoup d\u2019attention.&#13; On pourrais dire que le montage c\u2019est un travail sculptural, le cuir est une mati\u00e8re organique qui ne permette pas de travailler comme avec un\u00a0carton. C\u2019 est une terre qui demande \u00eatre transformer en ouvre d\u2019art&#13; kter\u00fd bude vzbuzovat mnoho pozornosti. On pourrais dire que le montage c\u2019est un travail sculptural, le cuir est une mati\u00e8re organique qui ne permette pas de travailler comme avec un\u00a0carton. C\u2019 est une terre qui demande \u00eatre transformer en ouvre d\u2019art. Piq\u00fbre La piq\u00fbre est la plus difficile op\u00e9ration pour moi.&#13; Il suffit que une piq\u00fbre saute et il faut commencer au debut.&#13; Je termine la piqure \u00e0 la mains se qui apportent un cachet traditionel. Finition Les derni\u00e8res finitions sont une op\u00e9rations d\u00e9licates et soign\u00e9e demandent des grandes exp\u00e9riences. Pour une finition coup\u00e9 net- je br\u00fble le bord avec une petite spatule, ensuite je le ponce avec du papier de\u00a0verre tr\u00e8s fin, quand le tranche est assez lisse je peut appliquer la\u00a0premi\u00e8re couche de peinture. Je la plaque avec une palette chaude et\u00a0ensuite je met la 2\u00e9me couche de tenture. Je fait ce operation jusqu\u2019a le r\u00e9sultat est id\u00e9al. A la fin je applique une fine couche de cire d\u2019 abeille. Il y a au moins de dix operation diff\u00e9rentes pour obtenir la finition coup\u00e9 net.<\/p>\n","protected":false},"author":2,"featured_media":0,"parent":0,"menu_order":0,"comment_status":"closed","ping_status":"closed","template":"","meta":{"advanced_seo_description":"","jetpack_seo_html_title":"","jetpack_seo_noindex":false,"footnotes":""},"class_list":["post-830","page","type-page","status-publish","hentry"],"jetpack_sharing_enabled":true,"jetpack_shortlink":"https:\/\/wp.me\/PcPVbi-do","jetpack_likes_enabled":true,"_links":{"self":[{"href":"https:\/\/denisaadolfova.com\/fr\/wp-json\/wp\/v2\/pages\/830","targetHints":{"allow":["GET"]}}],"collection":[{"href":"https:\/\/denisaadolfova.com\/fr\/wp-json\/wp\/v2\/pages"}],"about":[{"href":"https:\/\/denisaadolfova.com\/fr\/wp-json\/wp\/v2\/types\/page"}],"author":[{"embeddable":true,"href":"https:\/\/denisaadolfova.com\/fr\/wp-json\/wp\/v2\/users\/2"}],"replies":[{"embeddable":true,"href":"https:\/\/denisaadolfova.com\/fr\/wp-json\/wp\/v2\/comments?post=830"}],"version-history":[{"count":5,"href":"https:\/\/denisaadolfova.com\/fr\/wp-json\/wp\/v2\/pages\/830\/revisions"}],"predecessor-version":[{"id":1025,"href":"https:\/\/denisaadolfova.com\/fr\/wp-json\/wp\/v2\/pages\/830\/revisions\/1025"}],"wp:attachment":[{"href":"https:\/\/denisaadolfova.com\/fr\/wp-json\/wp\/v2\/media?parent=830"}],"curies":[{"name":"wp","href":"https:\/\/api.w.org\/{rel}","templated":true}]}}