{"id":1075,"date":"2021-05-21T08:10:03","date_gmt":"2021-05-21T06:10:03","guid":{"rendered":"https:\/\/denisaadolfova.com\/denisa-adolfova\/"},"modified":"2025-06-10T15:33:50","modified_gmt":"2025-06-10T13:33:50","slug":"denisa-adolfova","status":"publish","type":"page","link":"https:\/\/denisaadolfova.com\/fr\/denisa-adolfova\/","title":{"rendered":"Denisa Adolfov\u00e1"},"content":{"rendered":"\n<div class=\"wp-block-columns is-layout-flex wp-container-core-columns-is-layout-9d6595d7 wp-block-columns-is-layout-flex\">\n<div class=\"wp-block-column is-layout-flow wp-block-column-is-layout-flow\">\n<figure class=\"wp-block-image size-large\"><img loading=\"lazy\" decoding=\"async\" width=\"768\" height=\"1024\" src=\"https:\/\/denisaadolfova.com\/wp-content\/uploads\/2024\/01\/DSC_1000-copy-768x1024.jpg\" alt=\"\" class=\"wp-image-2361\" srcset=\"https:\/\/denisaadolfova.com\/wp-content\/uploads\/2024\/01\/DSC_1000-copy-768x1024.jpg 768w, https:\/\/denisaadolfova.com\/wp-content\/uploads\/2024\/01\/DSC_1000-copy-scaled-600x800.jpg 600w, https:\/\/denisaadolfova.com\/wp-content\/uploads\/2024\/01\/DSC_1000-copy-225x300.jpg 225w, https:\/\/denisaadolfova.com\/wp-content\/uploads\/2024\/01\/DSC_1000-copy-1152x1536.jpg 1152w, https:\/\/denisaadolfova.com\/wp-content\/uploads\/2024\/01\/DSC_1000-copy-1536x2048.jpg 1536w, https:\/\/denisaadolfova.com\/wp-content\/uploads\/2024\/01\/DSC_1000-copy-1140x1520.jpg 1140w, https:\/\/denisaadolfova.com\/wp-content\/uploads\/2024\/01\/DSC_1000-copy-scaled.jpg 1920w\" sizes=\"auto, (max-width: 768px) 100vw, 768px\" \/><\/figure>\n<\/div>\n\n\n\n<div class=\"wp-block-column is-layout-flow wp-block-column-is-layout-flow\">\n<p><strong>Je ne suis pas un artiste, mais je cr\u00e9e une \u0153uvre. Je ne suis pas un sculpteur, mais je sculpte mes \u0153uvres de toutes les c\u00f4t\u00e9s. Je ne suis pas un charpentier, mais j\u2019utilise les m\u00eames instruments que lui. Je ne suis pas un peintre, mais ma palette est pleine de mat\u00e9riaux tout diff\u00e9rents. Ma force repose dans les finesses. DA est une harmonie de la beaut\u00e9, de la fonction et de l\u2019intemporalit\u00e9.<\/strong><\/p>\n\n\n\n<div class=\"wp-block-columns is-layout-flex wp-container-core-columns-is-layout-9d6595d7 wp-block-columns-is-layout-flex\">\n<div class=\"wp-block-column is-layout-flow wp-block-column-is-layout-flow\"><\/div>\n<\/div>\n\n\n\n<p><\/p>\n\n\n\n<p>Mes initiales m\u2019ont pr\u00e9destin\u00e9e \u00e0 devenir dessinatrice et artisan d\u2019art. Oui, je suis artisan. Des mat\u00e9riaux de premier choix, je fais des sacs \u00e0 main intemporels et je les fais vraiment \u00e0 la main. Les sacs \u00e0 main exceptionnels pour les femmes exceptionnelles. J\u2019ai \u00e9tudi\u00e9 dessin de mode \u00e0 ESMOD International Paris. Les mat\u00e9riaux de luxe que j\u2019avais tant admir\u00e9s \u00e0 Paris, surtout de diff\u00e9rents types de cuir, ont d\u00e9fini ma cr\u00e9ation une fois pour toutes. J\u2019ai gagn\u00e9 des exp\u00e9riences pratiques de la fabrication d\u2019accessoires de luxe chez Delvaux, la plus vielle maison de mode du monde, fond\u00e9e en 1829 \u00e0 Bruxelles Les mots de mes mentors qui m\u2019ont pass\u00e9 le relais symbolique de la ma\u00eetrise de haute couture &#8211; maroquinerie resteront grav\u00e9s pour toujours dans ma m\u00e9moire. Mon travail est pour moi une vraie mission. <\/p>\n\n\n\n<div class=\"wp-block-columns is-layout-flex wp-container-core-columns-is-layout-9d6595d7 wp-block-columns-is-layout-flex\">\n<div class=\"wp-block-column is-layout-flow wp-block-column-is-layout-flow\">\n<div class=\"wp-block-columns is-layout-flex wp-container-core-columns-is-layout-9d6595d7 wp-block-columns-is-layout-flex\">\n<div class=\"wp-block-column is-layout-flow wp-block-column-is-layout-flow\"><\/div>\n\n\n\n<div class=\"wp-block-column is-layout-flow wp-block-column-is-layout-flow\"><\/div>\n<\/div>\n<\/div>\n<\/div>\n<\/div>\n<\/div>\n\n<div class=\"wp-block-columns is-layout-flex wp-container-core-columns-is-layout-9d6595d7 wp-block-columns-is-layout-flex\">\n<div class=\"wp-block-column is-layout-flow wp-block-column-is-layout-flow\"><\/div>\n<\/div>\n","protected":false},"excerpt":{"rendered":"<p>Je ne suis pas un artiste, mais je cr\u00e9e une \u0153uvre. Je ne suis pas un sculpteur, mais je sculpte mes \u0153uvres de toutes les c\u00f4t\u00e9s. Je ne suis pas un charpentier, mais j\u2019utilise les m\u00eames instruments que lui. Je ne suis pas un peintre, mais ma palette est pleine de mat\u00e9riaux tout diff\u00e9rents. Ma force repose dans les finesses. DA est une harmonie de la beaut\u00e9, de la fonction et de l\u2019intemporalit\u00e9. Mes initiales m\u2019ont pr\u00e9destin\u00e9e \u00e0 devenir dessinatrice et artisan d\u2019art. Oui, je suis artisan. Des mat\u00e9riaux de premier choix, je fais des sacs \u00e0 main intemporels et je les fais vraiment \u00e0 la main. Les sacs \u00e0 main exceptionnels pour les femmes exceptionnelles. J\u2019ai \u00e9tudi\u00e9 dessin de mode \u00e0 ESMOD International Paris. Les mat\u00e9riaux de luxe que j\u2019avais tant admir\u00e9s \u00e0 Paris, surtout de diff\u00e9rents types de cuir, ont d\u00e9fini ma cr\u00e9ation une fois pour toutes. J\u2019ai gagn\u00e9 des exp\u00e9riences pratiques de la fabrication d\u2019accessoires de luxe chez Delvaux, la plus vielle maison de mode du monde, fond\u00e9e en 1829 \u00e0 Bruxelles Les mots de mes mentors qui m\u2019ont pass\u00e9 le relais symbolique de la ma\u00eetrise de haute couture &#8211; maroquinerie resteront grav\u00e9s pour toujours dans ma m\u00e9moire. Mon travail est pour moi une vraie mission.<\/p>\n","protected":false},"author":2,"featured_media":0,"parent":0,"menu_order":0,"comment_status":"closed","ping_status":"closed","template":"templates\/template-full-width.php","meta":{"advanced_seo_description":"","jetpack_seo_html_title":"","jetpack_seo_noindex":false,"footnotes":""},"class_list":["post-1075","page","type-page","status-publish","hentry"],"jetpack_sharing_enabled":true,"jetpack_shortlink":"https:\/\/wp.me\/PcPVbi-hl","jetpack_likes_enabled":true,"_links":{"self":[{"href":"https:\/\/denisaadolfova.com\/fr\/wp-json\/wp\/v2\/pages\/1075","targetHints":{"allow":["GET"]}}],"collection":[{"href":"https:\/\/denisaadolfova.com\/fr\/wp-json\/wp\/v2\/pages"}],"about":[{"href":"https:\/\/denisaadolfova.com\/fr\/wp-json\/wp\/v2\/types\/page"}],"author":[{"embeddable":true,"href":"https:\/\/denisaadolfova.com\/fr\/wp-json\/wp\/v2\/users\/2"}],"replies":[{"embeddable":true,"href":"https:\/\/denisaadolfova.com\/fr\/wp-json\/wp\/v2\/comments?post=1075"}],"version-history":[{"count":5,"href":"https:\/\/denisaadolfova.com\/fr\/wp-json\/wp\/v2\/pages\/1075\/revisions"}],"predecessor-version":[{"id":3413,"href":"https:\/\/denisaadolfova.com\/fr\/wp-json\/wp\/v2\/pages\/1075\/revisions\/3413"}],"wp:attachment":[{"href":"https:\/\/denisaadolfova.com\/fr\/wp-json\/wp\/v2\/media?parent=1075"}],"curies":[{"name":"wp","href":"https:\/\/api.w.org\/{rel}","templated":true}]}}