{"id":3421,"date":"2025-04-25T16:54:11","date_gmt":"2025-04-25T14:54:11","guid":{"rendered":"https:\/\/denisaadolfova.com\/produkt\/madona\/"},"modified":"2025-04-25T19:19:02","modified_gmt":"2025-04-25T17:19:02","slug":"madona","status":"publish","type":"product","link":"https:\/\/denisaadolfova.com\/en\/produkt\/madona\/","title":{"rendered":"Madona"},"content":{"rendered":"","protected":false},"excerpt":{"rendered":"<p>The prominent relief structure evokes rays of sunlight. The center, from which the rays emanate, is crowned by a piece of jewelry from Hana Pol\u00edvkov\u00e1&#8217;s atelier. Tento \u0161perk symbolizuje chl\u00e9b jako spole\u010dn\u00e9 d\u00edlo Boha a \u010dlov\u011bkaThis piece of jewelry symbolizes bread as a shared work of God and man.<\/p>\n<p>The handbag consists of two compartments, separated by a central zip pocket. This arrangement offers generous space for your essentials. The bag is complemented by a detachable strap, which can also be worn separately as a belt. The centerpiece of the entire belt is an ornate buckle created by the jewelry designer. The buckle symbolizes the rays of the sun and perfectly accentuates the entire handbag. The bag is made of delicate French Agneau leather \u2013 lamb skin. The base of the bag is crafted from natural, sturdy vegetal leather. The lining is made from the same material as the exterior of the handbag.<\/p>\n","protected":false},"featured_media":3322,"template":"","meta":{"advanced_seo_description":"","jetpack_seo_html_title":"","jetpack_seo_noindex":false},"product_brand":[],"product_cat":[34],"product_tag":[],"class_list":{"0":"post-3421","1":"product","2":"type-product","3":"status-publish","4":"has-post-thumbnail","6":"product_cat-handbags-en","8":"first","9":"instock","10":"shipping-taxable","11":"purchasable","12":"product-type-simple"},"jetpack_sharing_enabled":true,"jetpack_likes_enabled":true,"_links":{"self":[{"href":"https:\/\/denisaadolfova.com\/en\/wp-json\/wp\/v2\/product\/3421","targetHints":{"allow":["GET"]}}],"collection":[{"href":"https:\/\/denisaadolfova.com\/en\/wp-json\/wp\/v2\/product"}],"about":[{"href":"https:\/\/denisaadolfova.com\/en\/wp-json\/wp\/v2\/types\/product"}],"wp:featuredmedia":[{"embeddable":true,"href":"https:\/\/denisaadolfova.com\/en\/wp-json\/wp\/v2\/media\/3322"}],"wp:attachment":[{"href":"https:\/\/denisaadolfova.com\/en\/wp-json\/wp\/v2\/media?parent=3421"}],"wp:term":[{"taxonomy":"product_brand","embeddable":true,"href":"https:\/\/denisaadolfova.com\/en\/wp-json\/wp\/v2\/product_brand?post=3421"},{"taxonomy":"product_cat","embeddable":true,"href":"https:\/\/denisaadolfova.com\/en\/wp-json\/wp\/v2\/product_cat?post=3421"},{"taxonomy":"product_tag","embeddable":true,"href":"https:\/\/denisaadolfova.com\/en\/wp-json\/wp\/v2\/product_tag?post=3421"}],"curies":[{"name":"wp","href":"https:\/\/api.w.org\/{rel}","templated":true}]}}