{"id":2280,"date":"2023-03-27T21:09:32","date_gmt":"2023-03-27T19:09:32","guid":{"rendered":"https:\/\/denisaadolfova.com\/?post_type=product&#038;p=2280"},"modified":"2025-01-30T10:39:27","modified_gmt":"2025-01-30T09:39:27","slug":"schminke","status":"publish","type":"product","link":"https:\/\/denisaadolfova.com\/en\/produkt\/schminke\/","title":{"rendered":"Schminke"},"content":{"rendered":"","protected":false},"excerpt":{"rendered":"<p>Doplne\u030ck se inspiruje slavnou vilou Schminke \u2013 ikonou hrav\u00e9ho a melodick\u00e9ho funkcionalismu. Struktura ku\u030a\u017ee evokuje jej\u00ed ste\u030cny, barevn\u00e9 body pr\u030cipom\u00ednaj\u00ed kulat\u00e1 okna a rozehr\u00e1vaj\u00ed dynamiku kruhu, z\u00e1sadn\u00edho prvku vily. Cesta do \u00fatrob pene\u030c\u017eenky vede pr\u030ces kruhov\u00e9 str\u030c\u00edbrn\u00e9 zap\u00edn\u00e1n\u00ed \u2013 jako kdybyste chte\u030cli uchopit chromovou kliku a vstoupit do slavn\u00e9 vily. Interi\u00e9r je stejne\u030c du\u030ale\u017eit\u00fd jako exteri\u00e9r.<\/p>\n","protected":false},"featured_media":2293,"template":"","meta":{"advanced_seo_description":"","jetpack_seo_html_title":"","jetpack_seo_noindex":false},"product_brand":[],"product_cat":[28],"product_tag":[],"class_list":{"0":"post-2280","1":"product","2":"type-product","3":"status-publish","4":"has-post-thumbnail","6":"product_cat-handbags","8":"first","9":"onbackorder","10":"shipping-taxable","11":"product-type-simple"},"jetpack_sharing_enabled":true,"jetpack_likes_enabled":true,"_links":{"self":[{"href":"https:\/\/denisaadolfova.com\/en\/wp-json\/wp\/v2\/product\/2280","targetHints":{"allow":["GET"]}}],"collection":[{"href":"https:\/\/denisaadolfova.com\/en\/wp-json\/wp\/v2\/product"}],"about":[{"href":"https:\/\/denisaadolfova.com\/en\/wp-json\/wp\/v2\/types\/product"}],"wp:featuredmedia":[{"embeddable":true,"href":"https:\/\/denisaadolfova.com\/en\/wp-json\/wp\/v2\/media\/2293"}],"wp:attachment":[{"href":"https:\/\/denisaadolfova.com\/en\/wp-json\/wp\/v2\/media?parent=2280"}],"wp:term":[{"taxonomy":"product_brand","embeddable":true,"href":"https:\/\/denisaadolfova.com\/en\/wp-json\/wp\/v2\/product_brand?post=2280"},{"taxonomy":"product_cat","embeddable":true,"href":"https:\/\/denisaadolfova.com\/en\/wp-json\/wp\/v2\/product_cat?post=2280"},{"taxonomy":"product_tag","embeddable":true,"href":"https:\/\/denisaadolfova.com\/en\/wp-json\/wp\/v2\/product_tag?post=2280"}],"curies":[{"name":"wp","href":"https:\/\/api.w.org\/{rel}","templated":true}]}}