{"id":1120,"date":"2021-05-24T18:09:06","date_gmt":"2021-05-24T16:09:06","guid":{"rendered":"https:\/\/denisaadolfova.com\/contact\/"},"modified":"2025-06-10T15:37:40","modified_gmt":"2025-06-10T13:37:40","slug":"contact","status":"publish","type":"page","link":"https:\/\/denisaadolfova.com\/en\/contact\/","title":{"rendered":"Contact"},"content":{"rendered":"\n<div class=\"wp-block-columns is-layout-flex wp-container-core-columns-is-layout-9d6595d7 wp-block-columns-is-layout-flex\">\n<div class=\"wp-block-column is-layout-flow wp-block-column-is-layout-flow\">\n<figure class=\"wp-block-image size-large\"><img loading=\"lazy\" decoding=\"async\" width=\"615\" height=\"921\" src=\"https:\/\/denisaadolfova.com\/wp-content\/uploads\/2021\/03\/con_03.jpg\" alt=\"\" class=\"wp-image-333\" srcset=\"https:\/\/denisaadolfova.com\/wp-content\/uploads\/2021\/03\/con_03.jpg 615w, https:\/\/denisaadolfova.com\/wp-content\/uploads\/2021\/03\/con_03-600x899.jpg 600w, https:\/\/denisaadolfova.com\/wp-content\/uploads\/2021\/03\/con_03-200x300.jpg 200w\" sizes=\"auto, (max-width: 615px) 100vw, 615px\" \/><\/figure>\n<\/div>\n\n\n\n<div class=\"wp-block-column is-layout-flow wp-block-column-is-layout-flow\">\n<h2 class=\"wp-block-heading\">Denisa Adolfov\u00e1<\/h2>\n\n\n\n<p>Smetanaq<br\/>Showroom and atelier<br\/>Smetanovo n\u00e1b\u0159e\u017e\u00ed 334\/4<br\/>Praha 1<\/p>\n\n\n\n<p><strong>openning hours<\/strong><\/p>\n\n\n\n<p>Wednesday &#8211; Friday 13 pm &#8211; 19 pm, Sunday 11 am &#8211; 18 pm<\/p>\n\n\n\n<p>personal meeting to order:<\/p>\n\n\n\n<p><strong>e-mail:<\/strong><br\/><a href=\"mailto:me@denisaadolfova.com\">me@denisaadolfova.com<\/a><\/p>\n\n\n\n<p><strong>Phone:<\/strong><br\/>CZ <a href=\"tel:+420%20737%20471%20022\">+420 737 471 022<\/a><br\/><\/p>\n<\/div>\n<\/div>\n\n<div class=\"wp-block-columns are-vertically-aligned-top is-layout-flex wp-container-core-columns-is-layout-9d6595d7 wp-block-columns-is-layout-flex\">\n<div class=\"wp-block-column is-vertically-aligned-top is-layout-flow wp-block-column-is-layout-flow\" style=\"flex-basis:100%\">\n<div class=\"wp-block-columns is-layout-flex wp-container-core-columns-is-layout-9d6595d7 wp-block-columns-is-layout-flex\">\n<div class=\"wp-block-column is-layout-flow wp-block-column-is-layout-flow\"><div class=\"wp-block-image\">\n<figure class=\"alignleft size-large\"><img loading=\"lazy\" decoding=\"async\" width=\"1024\" height=\"671\" src=\"https:\/\/denisaadolfova.com\/wp-content\/uploads\/2021\/03\/showroomsmetanaq-1024x671.jpg\" alt=\"\" class=\"wp-image-457\" srcset=\"https:\/\/denisaadolfova.com\/wp-content\/uploads\/2021\/03\/showroomsmetanaq-1024x671.jpg 1024w, https:\/\/denisaadolfova.com\/wp-content\/uploads\/2021\/03\/showroomsmetanaq-600x393.jpg 600w, https:\/\/denisaadolfova.com\/wp-content\/uploads\/2021\/03\/showroomsmetanaq-300x197.jpg 300w, https:\/\/denisaadolfova.com\/wp-content\/uploads\/2021\/03\/showroomsmetanaq-768x503.jpg 768w, https:\/\/denisaadolfova.com\/wp-content\/uploads\/2021\/03\/showroomsmetanaq-1536x1006.jpg 1536w, https:\/\/denisaadolfova.com\/wp-content\/uploads\/2021\/03\/showroomsmetanaq-2048x1342.jpg 2048w, https:\/\/denisaadolfova.com\/wp-content\/uploads\/2021\/03\/showroomsmetanaq-1140x747.jpg 1140w\" sizes=\"auto, (max-width: 1024px) 100vw, 1024px\" \/><\/figure>\n<\/div><\/div>\n\n\n\n<div class=\"wp-block-column is-layout-flow wp-block-column-is-layout-flow\"><div class=\"wp-block-image\">\n<figure class=\"aligncenter size-large\"><img loading=\"lazy\" decoding=\"async\" width=\"1024\" height=\"683\" src=\"https:\/\/denisaadolfova.com\/wp-content\/uploads\/2021\/04\/showroom-1024x683.jpg\" alt=\"\" class=\"wp-image-666\" srcset=\"https:\/\/denisaadolfova.com\/wp-content\/uploads\/2021\/04\/showroom-1024x683.jpg 1024w, https:\/\/denisaadolfova.com\/wp-content\/uploads\/2021\/04\/showroom-600x400.jpg 600w, https:\/\/denisaadolfova.com\/wp-content\/uploads\/2021\/04\/showroom-300x200.jpg 300w, https:\/\/denisaadolfova.com\/wp-content\/uploads\/2021\/04\/showroom-768x512.jpg 768w, https:\/\/denisaadolfova.com\/wp-content\/uploads\/2021\/04\/showroom-1536x1024.jpg 1536w, https:\/\/denisaadolfova.com\/wp-content\/uploads\/2021\/04\/showroom-2048x1365.jpg 2048w, https:\/\/denisaadolfova.com\/wp-content\/uploads\/2021\/04\/showroom-1140x760.jpg 1140w\" sizes=\"auto, (max-width: 1024px) 100vw, 1024px\" \/><\/figure>\n<\/div><\/div>\n\n\n\n<div class=\"wp-block-column is-layout-flow wp-block-column-is-layout-flow\"><div class=\"wp-block-image\">\n<figure class=\"alignright size-large\"><img loading=\"lazy\" decoding=\"async\" width=\"1024\" height=\"683\" src=\"https:\/\/denisaadolfova.com\/wp-content\/uploads\/2021\/04\/SMETANAQshowroomweb-1024x683.jpg\" alt=\"\" class=\"wp-image-663\" srcset=\"https:\/\/denisaadolfova.com\/wp-content\/uploads\/2021\/04\/SMETANAQshowroomweb-1024x683.jpg 1024w, https:\/\/denisaadolfova.com\/wp-content\/uploads\/2021\/04\/SMETANAQshowroomweb-600x400.jpg 600w, https:\/\/denisaadolfova.com\/wp-content\/uploads\/2021\/04\/SMETANAQshowroomweb-300x200.jpg 300w, https:\/\/denisaadolfova.com\/wp-content\/uploads\/2021\/04\/SMETANAQshowroomweb-768x512.jpg 768w, https:\/\/denisaadolfova.com\/wp-content\/uploads\/2021\/04\/SMETANAQshowroomweb-1536x1024.jpg 1536w, https:\/\/denisaadolfova.com\/wp-content\/uploads\/2021\/04\/SMETANAQshowroomweb-2048x1365.jpg 2048w, https:\/\/denisaadolfova.com\/wp-content\/uploads\/2021\/04\/SMETANAQshowroomweb-1140x760.jpg 1140w\" sizes=\"auto, (max-width: 1024px) 100vw, 1024px\" \/><\/figure>\n<\/div><\/div>\n<\/div>\n<\/div>\n<\/div>\n\n<p><\/p>\n","protected":false},"excerpt":{"rendered":"<p>Denisa Adolfov\u00e1 SmetanaqShowroom and atelierSmetanovo n\u00e1b\u0159e\u017e\u00ed 334\/4Praha 1 openning hours Wednesday &#8211; Friday 13 pm &#8211; 19 pm, Sunday 11 am &#8211; 18 pm personal meeting to order: e-mail:me@denisaadolfova.com Phone:CZ +420 737 471 022<\/p>\n","protected":false},"author":2,"featured_media":0,"parent":0,"menu_order":0,"comment_status":"closed","ping_status":"closed","template":"","meta":{"advanced_seo_description":"","jetpack_seo_html_title":"","jetpack_seo_noindex":false,"footnotes":""},"class_list":["post-1120","page","type-page","status-publish","hentry"],"jetpack_sharing_enabled":true,"jetpack_shortlink":"https:\/\/wp.me\/PcPVbi-i4","jetpack_likes_enabled":true,"_links":{"self":[{"href":"https:\/\/denisaadolfova.com\/en\/wp-json\/wp\/v2\/pages\/1120","targetHints":{"allow":["GET"]}}],"collection":[{"href":"https:\/\/denisaadolfova.com\/en\/wp-json\/wp\/v2\/pages"}],"about":[{"href":"https:\/\/denisaadolfova.com\/en\/wp-json\/wp\/v2\/types\/page"}],"author":[{"embeddable":true,"href":"https:\/\/denisaadolfova.com\/en\/wp-json\/wp\/v2\/users\/2"}],"replies":[{"embeddable":true,"href":"https:\/\/denisaadolfova.com\/en\/wp-json\/wp\/v2\/comments?post=1120"}],"version-history":[{"count":5,"href":"https:\/\/denisaadolfova.com\/en\/wp-json\/wp\/v2\/pages\/1120\/revisions"}],"predecessor-version":[{"id":3409,"href":"https:\/\/denisaadolfova.com\/en\/wp-json\/wp\/v2\/pages\/1120\/revisions\/3409"}],"wp:attachment":[{"href":"https:\/\/denisaadolfova.com\/en\/wp-json\/wp\/v2\/media?parent=1120"}],"curies":[{"name":"wp","href":"https:\/\/api.w.org\/{rel}","templated":true}]}}